{"id":1061,"date":"2017-08-17T13:42:32","date_gmt":"2017-08-17T12:42:32","guid":{"rendered":"http:\/\/www.offgrid.se\/?page_id=1061"},"modified":"2026-04-29T07:21:16","modified_gmt":"2026-04-29T06:21:16","slug":"shop","status":"publish","type":"page","link":"https:\/\/www.offgrid.se\/sv\/shop\/","title":{"rendered":"Butik"},"content":{"rendered":"<div data-elementor-type=\"wp-page\" data-elementor-id=\"1061\" class=\"elementor elementor-1061\" data-elementor-post-type=\"page\">\n\t\t\t\t<div class=\"elementor-element elementor-element-6ba8f01e e-flex e-con-boxed e-con e-parent\" data-id=\"6ba8f01e\" data-element_type=\"container\">\n\t\t\t\t\t<div class=\"e-con-inner\">\n\t\t\t\t<div class=\"elementor-element elementor-element-3772e274 elementor-widget elementor-widget-text-editor\" data-id=\"3772e274\" data-element_type=\"widget\" data-widget_type=\"text-editor.default\">\n\t\t\t\t<div class=\"elementor-widget-container\">\n\t\t\t\t\t\t\t\t\t<p>Vi har ett samarbete med WattCycle batterier. Anv\u00e4nd l\u00e4nken eller koden OFFGRID f\u00f6r att f\u00e5 6% rabatt!<br><a href=\"https:\/\/eu.wattcycle.com\/?ref=OFFGRID\" target=\"_blank\" rel=\"noopener\" style=\"font-size: 14px; background-color: rgb(232, 232, 232);\">K\u00f6p WattCycle batterier<\/a><\/p>\n<span style=\"font-family: Roboto, sans-serif; font-size: 14px; font-style: normal; font-variant-ligatures: normal; font-variant-caps: normal; font-weight: 400;\">Om du vill st\u00f6dja oss, handla g\u00e4rna p\u00e5 Amazon via n\u00e5gon av l\u00e4nkarna nedan.<\/span><br><p><a href=\"https:\/\/www.amazon.com\/shop\/offgrid.se\" style=\"font-size: 14px; background-color: rgb(232, 232, 232);\">USA https:\/\/www.amazon.com\/shop\/offgrid.se<\/a><\/p>\n<p><a href=\"https:\/\/www.amazon.se\/shop\/offgrid.se\">Sverige https:\/\/www.amazon.se\/shop\/offgrid.se<\/a><\/p>\n<p>\u00c4ven om du ska k\u00f6pa n\u00e5got annat, anv\u00e4nd g\u00e4rna l\u00e4nkarna nedan \u2013 d\u00e5 f\u00e5r jag en liten provision och det kostar inte dig n\u00e5got mer.<\/p>\n<p>Vi kommer snart att uppdatera denna sida med nya l\u00e4nkar till butiken.<\/p>\n<p>Tack, allihopa! \ud83d\ude0a<\/p>\t\t\t\t\t\t\t\t<\/div>\n\t\t\t\t<\/div>\n\t\t\t\t\t<\/div>\n\t\t\t\t<\/div>\n\t\t\t\t<\/div>","protected":false},"excerpt":{"rendered":"<p>We have a colaboration with WattCycle batteries. Use this link or use the code OFFGRID at checkout to get 6% off the price!Buy WattCycle batteries If you want to support the channel. Please shop around at Amazon using one of the links below. USA https:\/\/www.amazon.com\/shop\/offgrid.se Sverige https:\/\/www.amazon.se\/shop\/offgrid.se Even if you are going to buy something [&hellip;]<\/p>","protected":false},"author":1,"featured_media":0,"parent":0,"menu_order":0,"comment_status":"closed","ping_status":"closed","template":"","meta":{"ocean_post_layout":"full-width","ocean_both_sidebars_style":"","ocean_both_sidebars_content_width":0,"ocean_both_sidebars_sidebars_width":0,"ocean_sidebar":"0","ocean_second_sidebar":"0","ocean_disable_margins":"enable","ocean_add_body_class":"","ocean_shortcode_before_top_bar":"","ocean_shortcode_after_top_bar":"","ocean_shortcode_before_header":"","ocean_shortcode_after_header":"","ocean_has_shortcode":"","ocean_shortcode_after_title":"","ocean_shortcode_before_footer_widgets":"","ocean_shortcode_after_footer_widgets":"","ocean_shortcode_before_footer_bottom":"","ocean_shortcode_after_footer_bottom":"","ocean_display_top_bar":"default","ocean_display_header":"default","ocean_header_style":"","ocean_center_header_left_menu":"0","ocean_custom_header_template":"0","ocean_custom_logo":0,"ocean_custom_retina_logo":0,"ocean_custom_logo_max_width":0,"ocean_custom_logo_tablet_max_width":0,"ocean_custom_logo_mobile_max_width":0,"ocean_custom_logo_max_height":0,"ocean_custom_logo_tablet_max_height":0,"ocean_custom_logo_mobile_max_height":0,"ocean_header_custom_menu":"0","ocean_menu_typo_font_family":"0","ocean_menu_typo_font_subset":"","ocean_menu_typo_font_size":0,"ocean_menu_typo_font_size_tablet":0,"ocean_menu_typo_font_size_mobile":0,"ocean_menu_typo_font_size_unit":"px","ocean_menu_typo_font_weight":"","ocean_menu_typo_font_weight_tablet":"","ocean_menu_typo_font_weight_mobile":"","ocean_menu_typo_transform":"","ocean_menu_typo_transform_tablet":"","ocean_menu_typo_transform_mobile":"","ocean_menu_typo_line_height":0,"ocean_menu_typo_line_height_tablet":0,"ocean_menu_typo_line_height_mobile":0,"ocean_menu_typo_line_height_unit":"","ocean_menu_typo_spacing":0,"ocean_menu_typo_spacing_tablet":0,"ocean_menu_typo_spacing_mobile":0,"ocean_menu_typo_spacing_unit":"","ocean_menu_link_color":"","ocean_menu_link_color_hover":"","ocean_menu_link_color_active":"","ocean_menu_link_background":"","ocean_menu_link_hover_background":"","ocean_menu_link_active_background":"","ocean_menu_social_links_bg":"","ocean_menu_social_hover_links_bg":"","ocean_menu_social_links_color":"","ocean_menu_social_hover_links_color":"","ocean_disable_title":"on","ocean_disable_heading":"default","ocean_post_title":"","ocean_post_subheading":"","ocean_post_title_style":"","ocean_post_title_background_color":"","ocean_post_title_background":0,"ocean_post_title_bg_image_position":"","ocean_post_title_bg_image_attachment":"","ocean_post_title_bg_image_repeat":"","ocean_post_title_bg_image_size":"","ocean_post_title_height":0,"ocean_post_title_bg_overlay":0.5,"ocean_post_title_bg_overlay_color":"","ocean_disable_breadcrumbs":"default","ocean_breadcrumbs_color":"","ocean_breadcrumbs_separator_color":"","ocean_breadcrumbs_links_color":"","ocean_breadcrumbs_links_hover_color":"","ocean_display_footer_widgets":"default","ocean_display_footer_bottom":"default","ocean_custom_footer_template":"0","footnotes":""},"class_list":["post-1061","page","type-page","status-publish","hentry","entry"],"yoast_head":"<!-- This site is optimized with the Yoast SEO plugin v26.8 - https:\/\/yoast.com\/product\/yoast-seo-wordpress\/ -->\n<title>Shop - OFF GRID SWEDEN<\/title>\n<meta name=\"robots\" content=\"index, follow, max-snippet:-1, max-image-preview:large, max-video-preview:-1\" \/>\n<link rel=\"canonical\" href=\"https:\/\/www.offgrid.se\/sv\/shop\/\" \/>\n<meta property=\"og:locale\" content=\"sv_SE\" \/>\n<meta property=\"og:type\" content=\"article\" \/>\n<meta property=\"og:title\" content=\"Shop - OFF GRID SWEDEN\" \/>\n<meta property=\"og:description\" content=\"We have a colaboration with WattCycle batteries. Use this link or use the code OFFGRID at checkout to get 6% off the price!Buy WattCycle batteries If you want to support the channel. Please shop around at Amazon using one of the links below. USA https:\/\/www.amazon.com\/shop\/offgrid.se Sverige https:\/\/www.amazon.se\/shop\/offgrid.se Even if you are going to buy something [&hellip;]\" \/>\n<meta property=\"og:url\" content=\"https:\/\/www.offgrid.se\/sv\/shop\/\" \/>\n<meta property=\"og:site_name\" content=\"OFF GRID SWEDEN\" \/>\n<meta property=\"article:publisher\" content=\"https:\/\/www.facebook.com\/offgrid.se\/\" \/>\n<meta property=\"article:modified_time\" content=\"2026-04-29T06:21:16+00:00\" \/>\n<meta name=\"twitter:card\" content=\"summary_large_image\" \/>\n<meta name=\"twitter:site\" content=\"@Offgrid_se\" \/>\n<meta name=\"twitter:label1\" content=\"Ber\u00e4knad l\u00e4stid\" \/>\n\t<meta name=\"twitter:data1\" content=\"1 minut\" \/>\n<script type=\"application\/ld+json\" class=\"yoast-schema-graph\">{\"@context\":\"https:\/\/schema.org\",\"@graph\":[{\"@type\":\"WebPage\",\"@id\":\"https:\/\/www.offgrid.se\/shop\/\",\"url\":\"https:\/\/www.offgrid.se\/shop\/\",\"name\":\"Shop - OFF GRID SWEDEN\",\"isPartOf\":{\"@id\":\"https:\/\/www.offgrid.se\/#website\"},\"datePublished\":\"2017-08-17T12:42:32+00:00\",\"dateModified\":\"2026-04-29T06:21:16+00:00\",\"breadcrumb\":{\"@id\":\"https:\/\/www.offgrid.se\/shop\/#breadcrumb\"},\"inLanguage\":\"sv-SE\",\"potentialAction\":[{\"@type\":\"ReadAction\",\"target\":[\"https:\/\/www.offgrid.se\/shop\/\"]}]},{\"@type\":\"BreadcrumbList\",\"@id\":\"https:\/\/www.offgrid.se\/shop\/#breadcrumb\",\"itemListElement\":[{\"@type\":\"ListItem\",\"position\":1,\"name\":\"Home\",\"item\":\"https:\/\/www.offgrid.se\/\"},{\"@type\":\"ListItem\",\"position\":2,\"name\":\"Shop\"}]},{\"@type\":\"WebSite\",\"@id\":\"https:\/\/www.offgrid.se\/#website\",\"url\":\"https:\/\/www.offgrid.se\/\",\"name\":\"OFF GRID SWEDEN\",\"description\":\"A more sustainable way of life\",\"publisher\":{\"@id\":\"https:\/\/www.offgrid.se\/#organization\"},\"potentialAction\":[{\"@type\":\"SearchAction\",\"target\":{\"@type\":\"EntryPoint\",\"urlTemplate\":\"https:\/\/www.offgrid.se\/?s={search_term_string}\"},\"query-input\":{\"@type\":\"PropertyValueSpecification\",\"valueRequired\":true,\"valueName\":\"search_term_string\"}}],\"inLanguage\":\"sv-SE\"},{\"@type\":\"Organization\",\"@id\":\"https:\/\/www.offgrid.se\/#organization\",\"name\":\"Off Grid Sweden\",\"url\":\"https:\/\/www.offgrid.se\/\",\"logo\":{\"@type\":\"ImageObject\",\"inLanguage\":\"sv-SE\",\"@id\":\"https:\/\/www.offgrid.se\/#\/schema\/logo\/image\/\",\"url\":\"https:\/\/www.offgrid.se\/wp-content\/uploads\/2017\/06\/sverige_rund_offgrid.png\",\"contentUrl\":\"https:\/\/www.offgrid.se\/wp-content\/uploads\/2017\/06\/sverige_rund_offgrid.png\",\"width\":467,\"height\":350,\"caption\":\"Off Grid Sweden\"},\"image\":{\"@id\":\"https:\/\/www.offgrid.se\/#\/schema\/logo\/image\/\"},\"sameAs\":[\"https:\/\/www.facebook.com\/offgrid.se\/\",\"https:\/\/x.com\/Offgrid_se\",\"http:\/\/instagram.com\/offgrid.se\",\"http:\/\/youtube.com\/offgridsweden\"]}]}<\/script>\n<!-- \/ Yoast SEO plugin. -->","yoast_head_json":{"title":"Shop - OFF GRID SWEDEN","robots":{"index":"index","follow":"follow","max-snippet":"max-snippet:-1","max-image-preview":"max-image-preview:large","max-video-preview":"max-video-preview:-1"},"canonical":"https:\/\/www.offgrid.se\/sv\/shop\/","og_locale":"sv_SE","og_type":"article","og_title":"Shop - OFF GRID SWEDEN","og_description":"We have a colaboration with WattCycle batteries. Use this link or use the code OFFGRID at checkout to get 6% off the price!Buy WattCycle batteries If you want to support the channel. Please shop around at Amazon using one of the links below. USA https:\/\/www.amazon.com\/shop\/offgrid.se Sverige https:\/\/www.amazon.se\/shop\/offgrid.se Even if you are going to buy something [&hellip;]","og_url":"https:\/\/www.offgrid.se\/sv\/shop\/","og_site_name":"OFF GRID SWEDEN","article_publisher":"https:\/\/www.facebook.com\/offgrid.se\/","article_modified_time":"2026-04-29T06:21:16+00:00","twitter_card":"summary_large_image","twitter_site":"@Offgrid_se","twitter_misc":{"Ber\u00e4knad l\u00e4stid":"1 minut"},"schema":{"@context":"https:\/\/schema.org","@graph":[{"@type":"WebPage","@id":"https:\/\/www.offgrid.se\/shop\/","url":"https:\/\/www.offgrid.se\/shop\/","name":"Shop - OFF GRID SWEDEN","isPartOf":{"@id":"https:\/\/www.offgrid.se\/#website"},"datePublished":"2017-08-17T12:42:32+00:00","dateModified":"2026-04-29T06:21:16+00:00","breadcrumb":{"@id":"https:\/\/www.offgrid.se\/shop\/#breadcrumb"},"inLanguage":"sv-SE","potentialAction":[{"@type":"ReadAction","target":["https:\/\/www.offgrid.se\/shop\/"]}]},{"@type":"BreadcrumbList","@id":"https:\/\/www.offgrid.se\/shop\/#breadcrumb","itemListElement":[{"@type":"ListItem","position":1,"name":"Home","item":"https:\/\/www.offgrid.se\/"},{"@type":"ListItem","position":2,"name":"Shop"}]},{"@type":"WebSite","@id":"https:\/\/www.offgrid.se\/#website","url":"https:\/\/www.offgrid.se\/","name":"OFF GRID SWEDEN","description":"A more sustainable way of life","publisher":{"@id":"https:\/\/www.offgrid.se\/#organization"},"potentialAction":[{"@type":"SearchAction","target":{"@type":"EntryPoint","urlTemplate":"https:\/\/www.offgrid.se\/?s={search_term_string}"},"query-input":{"@type":"PropertyValueSpecification","valueRequired":true,"valueName":"search_term_string"}}],"inLanguage":"sv-SE"},{"@type":"Organization","@id":"https:\/\/www.offgrid.se\/#organization","name":"Off Grid Sweden","url":"https:\/\/www.offgrid.se\/","logo":{"@type":"ImageObject","inLanguage":"sv-SE","@id":"https:\/\/www.offgrid.se\/#\/schema\/logo\/image\/","url":"https:\/\/www.offgrid.se\/wp-content\/uploads\/2017\/06\/sverige_rund_offgrid.png","contentUrl":"https:\/\/www.offgrid.se\/wp-content\/uploads\/2017\/06\/sverige_rund_offgrid.png","width":467,"height":350,"caption":"Off Grid Sweden"},"image":{"@id":"https:\/\/www.offgrid.se\/#\/schema\/logo\/image\/"},"sameAs":["https:\/\/www.facebook.com\/offgrid.se\/","https:\/\/x.com\/Offgrid_se","http:\/\/instagram.com\/offgrid.se","http:\/\/youtube.com\/offgridsweden"]}]}},"_links":{"self":[{"href":"https:\/\/www.offgrid.se\/sv\/wp-json\/wp\/v2\/pages\/1061","targetHints":{"allow":["GET"]}}],"collection":[{"href":"https:\/\/www.offgrid.se\/sv\/wp-json\/wp\/v2\/pages"}],"about":[{"href":"https:\/\/www.offgrid.se\/sv\/wp-json\/wp\/v2\/types\/page"}],"author":[{"embeddable":true,"href":"https:\/\/www.offgrid.se\/sv\/wp-json\/wp\/v2\/users\/1"}],"replies":[{"embeddable":true,"href":"https:\/\/www.offgrid.se\/sv\/wp-json\/wp\/v2\/comments?post=1061"}],"version-history":[{"count":15,"href":"https:\/\/www.offgrid.se\/sv\/wp-json\/wp\/v2\/pages\/1061\/revisions"}],"predecessor-version":[{"id":2289,"href":"https:\/\/www.offgrid.se\/sv\/wp-json\/wp\/v2\/pages\/1061\/revisions\/2289"}],"wp:attachment":[{"href":"https:\/\/www.offgrid.se\/sv\/wp-json\/wp\/v2\/media?parent=1061"}],"curies":[{"name":"wp","href":"https:\/\/api.w.org\/{rel}","templated":true}]}}