{"id":1278,"date":"2018-05-04T10:46:08","date_gmt":"2018-05-04T09:46:08","guid":{"rendered":"http:\/\/www.offgrid.se\/?page_id=1278"},"modified":"2025-03-13T08:21:00","modified_gmt":"2025-03-13T07:21:00","slug":"instagram","status":"publish","type":"page","link":"https:\/\/www.offgrid.se\/sv\/instagram\/","title":{"rendered":"Instagram"},"content":{"rendered":"<div data-elementor-type=\"wp-page\" data-elementor-id=\"1278\" class=\"elementor elementor-1278\" data-elementor-post-type=\"page\">\n\t\t\t\t<div class=\"elementor-element elementor-element-788f1bb e-flex e-con-boxed e-con e-parent\" data-id=\"788f1bb\" data-element_type=\"container\">\n\t\t\t\t\t<div class=\"e-con-inner\">\n\t\t<div class=\"elementor-element elementor-element-ff67cc5 e-con-full e-flex e-con e-child\" data-id=\"ff67cc5\" data-element_type=\"container\">\n\t\t\t\t<div class=\"elementor-element elementor-element-b61c69b elementor-widget elementor-widget-heading\" data-id=\"b61c69b\" data-element_type=\"widget\" data-widget_type=\"heading.default\">\n\t\t\t\t<div class=\"elementor-widget-container\">\n\t\t\t\t\t<h2 class=\"elementor-heading-title elementor-size-default\">Instagram<\/h2>\t\t\t\t<\/div>\n\t\t\t\t<\/div>\n\t\t\t\t<\/div>\n\t\t\t\t<div class=\"elementor-element elementor-element-ecb8474 elementor-widget elementor-widget-text-editor\" data-id=\"ecb8474\" data-element_type=\"widget\" data-widget_type=\"text-editor.default\">\n\t\t\t\t<div class=\"elementor-widget-container\">\n\t\t\t\t\t\t\t\t\t<p>F\u00f6lj oss g\u00e4rna p\u00e5 Instagram f\u00f6r att f\u00e5 de senaste nyheterna och uppdateringarna. <a href=\"https:\/\/instagram.com\/offgrid.se\">https:\/\/instagram.com\/offgrid.se<\/a><\/p>\t\t\t\t\t\t\t\t<\/div>\n\t\t\t\t<\/div>\n\t\t\t\t<div class=\"elementor-element elementor-element-21bf7ba inavii-pagination-no inavii-arrow-vertical-middle inavii-pagination-horizontal-center elementor-widget elementor-widget-inavii-grid\" data-id=\"21bf7ba\" data-element_type=\"widget\" data-widget_type=\"inavii-grid.default\">\n\t\t\t\t<div class=\"elementor-widget-container\">\n\t\t\t\t\t\n    <div class=\"inavii-ajax inavii-skeleton-container  inavii-grid inavii-grid__type-grid\"\n         data-items-mobile=\"6\" data-settings=\"&#x7B;&quot;feed_offset&quot;&#x3A;0,&quot;feed_id&quot;&#x3A;1835,&quot;posts_count&quot;&#x3A;20,&quot;posts_count_available&quot;&#x3A;20,&quot;items&quot;&#x3A;&#x5B;&#x5D;,&quot;items_desktop&quot;&#x3A;20,&quot;items_mobile&quot;&#x3A;6,&quot;is_mobile&quot;&#x3A;false,&quot;img_animation_class&quot;&#x3A;&quot;&quot;,&quot;follow_button_url&quot;&#x3A;&quot;https&#x3A;&#x5C;&#x2F;&#x5C;&#x2F;www.instagram.com&#x5C;&#x2F;offgrid.se&quot;,&quot;enable_photo_linking&quot;&#x3A;&quot;popup&quot;,&quot;target&quot;&#x3A;&quot;_self&quot;,&quot;layoutView&quot;&#x3A;&quot;none&quot;,&quot;imageSize&quot;&#x3A;&quot;medium&quot;,&quot;enable_avatar_lightbox&quot;&#x3A;false,&quot;avatar_url&quot;&#x3A;&quot;https&#x3A;&#x5C;&#x2F;&#x5C;&#x2F;www.offgrid.se&#x5C;&#x2F;wp-content&#x5C;&#x2F;uploads&#x5C;&#x2F;inavii-social-feed&#x5C;&#x2F;28791467273831154-s.jpg&quot;,&quot;username&quot;&#x3A;&quot;offgrid.se&quot;,&quot;username_lightbox&quot;&#x3A;&quot;offgrid.se&quot;,&quot;username_lightbox_switch&quot;&#x3A;false,&quot;widget_id&quot;&#x3A;&quot;21bf7ba&quot;,&quot;layout_type&quot;&#x3A;&quot;grid&quot;,&quot;enable_popup_follow_button&quot;&#x3A;true,&quot;enable_popup_icon_follow_button&quot;&#x3A;true,&quot;follow_popup_button_icon&quot;&#x3A;&#x7B;&quot;icon_class&quot;&#x3A;&quot;&lt;svg&#x20;aria-hidden&#x3D;&#x5C;&quot;true&#x5C;&quot;&#x20;class&#x3D;&#x5C;&quot;e-font-icon-svg&#x20;e-fab-instagram&#x5C;&quot;&#x20;viewBox&#x3D;&#x5C;&quot;0&#x20;0&#x20;448&#x20;512&#x5C;&quot;&#x20;xmlns&#x3D;&#x5C;&quot;http&#x3A;&#x5C;&#x2F;&#x5C;&#x2F;www.w3.org&#x5C;&#x2F;2000&#x5C;&#x2F;svg&#x5C;&quot;&gt;&lt;path&#x20;d&#x3D;&#x5C;&quot;M224.1&#x20;141c-63.6&#x20;0-114.9&#x20;51.3-114.9&#x20;114.9s51.3&#x20;114.9&#x20;114.9&#x20;114.9S339&#x20;319.5&#x20;339&#x20;255.9&#x20;287.7&#x20;141&#x20;224.1&#x20;141zm0&#x20;189.6c-41.1&#x20;0-74.7-33.5-74.7-74.7s33.5-74.7&#x20;74.7-74.7&#x20;74.7&#x20;33.5&#x20;74.7&#x20;74.7-33.6&#x20;74.7-74.7&#x20;74.7zm146.4-194.3c0&#x20;14.9-12&#x20;26.8-26.8&#x20;26.8-14.9&#x20;0-26.8-12-26.8-26.8s12-26.8&#x20;26.8-26.8&#x20;26.8&#x20;12&#x20;26.8&#x20;26.8zm76.1&#x20;27.2c-1.7-35.9-9.9-67.7-36.2-93.9-26.2-26.2-58-34.4-93.9-36.2-37-2.1-147.9-2.1-184.9&#x20;0-35.8&#x20;1.7-67.6&#x20;9.9-93.9&#x20;36.1s-34.4&#x20;58-36.2&#x20;93.9c-2.1&#x20;37-2.1&#x20;147.9&#x20;0&#x20;184.9&#x20;1.7&#x20;35.9&#x20;9.9&#x20;67.7&#x20;36.2&#x20;93.9s58&#x20;34.4&#x20;93.9&#x20;36.2c37&#x20;2.1&#x20;147.9&#x20;2.1&#x20;184.9&#x20;0&#x20;35.9-1.7&#x20;67.7-9.9&#x20;93.9-36.2&#x20;26.2-26.2&#x20;34.4-58&#x20;36.2-93.9&#x20;2.1-37&#x20;2.1-147.8&#x20;0-184.8zM398.8&#x20;388c-7.8&#x20;19.6-22.9&#x20;34.7-42.6&#x20;42.6-29.5&#x20;11.7-99.5&#x20;9-132.1&#x20;9s-102.7&#x20;2.6-132.1-9c-19.6-7.8-34.7-22.9-42.6-42.6-11.7-29.5-9-99.5-9-132.1s-2.6-102.7&#x20;9-132.1c7.8-19.6&#x20;22.9-34.7&#x20;42.6-42.6&#x20;29.5-11.7&#x20;99.5-9&#x20;132.1-9s102.7-2.6&#x20;132.1&#x20;9c19.6&#x20;7.8&#x20;34.7&#x20;22.9&#x20;42.6&#x20;42.6&#x20;11.7&#x20;29.5&#x20;9&#x20;99.5&#x20;9&#x20;132.1s2.7&#x20;102.7-9&#x20;132.1z&#x5C;&quot;&gt;&lt;&#x5C;&#x2F;path&gt;&lt;&#x5C;&#x2F;svg&gt;&quot;&#x7D;,&quot;follow_popup_button_text&quot;&#x3A;&quot;View&#x20;on&#x20;Instagram&quot;,&quot;enable_lightbox_follow_button&quot;&#x3A;false,&quot;enable_lightbox_icon_follow_button&quot;&#x3A;false,&quot;follow_lightbox_button_icon&quot;&#x3A;&#x7B;&quot;icon_class&quot;&#x3A;&quot;&lt;svg&#x20;aria-hidden&#x3D;&#x5C;&quot;true&#x5C;&quot;&#x20;class&#x3D;&#x5C;&quot;e-font-icon-svg&#x20;e-fab-instagram&#x5C;&quot;&#x20;viewBox&#x3D;&#x5C;&quot;0&#x20;0&#x20;448&#x20;512&#x5C;&quot;&#x20;xmlns&#x3D;&#x5C;&quot;http&#x3A;&#x5C;&#x2F;&#x5C;&#x2F;www.w3.org&#x5C;&#x2F;2000&#x5C;&#x2F;svg&#x5C;&quot;&gt;&lt;path&#x20;d&#x3D;&#x5C;&quot;M224.1&#x20;141c-63.6&#x20;0-114.9&#x20;51.3-114.9&#x20;114.9s51.3&#x20;114.9&#x20;114.9&#x20;114.9S339&#x20;319.5&#x20;339&#x20;255.9&#x20;287.7&#x20;141&#x20;224.1&#x20;141zm0&#x20;189.6c-41.1&#x20;0-74.7-33.5-74.7-74.7s33.5-74.7&#x20;74.7-74.7&#x20;74.7&#x20;33.5&#x20;74.7&#x20;74.7-33.6&#x20;74.7-74.7&#x20;74.7zm146.4-194.3c0&#x20;14.9-12&#x20;26.8-26.8&#x20;26.8-14.9&#x20;0-26.8-12-26.8-26.8s12-26.8&#x20;26.8-26.8&#x20;26.8&#x20;12&#x20;26.8&#x20;26.8zm76.1&#x20;27.2c-1.7-35.9-9.9-67.7-36.2-93.9-26.2-26.2-58-34.4-93.9-36.2-37-2.1-147.9-2.1-184.9&#x20;0-35.8&#x20;1.7-67.6&#x20;9.9-93.9&#x20;36.1s-34.4&#x20;58-36.2&#x20;93.9c-2.1&#x20;37-2.1&#x20;147.9&#x20;0&#x20;184.9&#x20;1.7&#x20;35.9&#x20;9.9&#x20;67.7&#x20;36.2&#x20;93.9s58&#x20;34.4&#x20;93.9&#x20;36.2c37&#x20;2.1&#x20;147.9&#x20;2.1&#x20;184.9&#x20;0&#x20;35.9-1.7&#x20;67.7-9.9&#x20;93.9-36.2&#x20;26.2-26.2&#x20;34.4-58&#x20;36.2-93.9&#x20;2.1-37&#x20;2.1-147.8&#x20;0-184.8zM398.8&#x20;388c-7.8&#x20;19.6-22.9&#x20;34.7-42.6&#x20;42.6-29.5&#x20;11.7-99.5&#x20;9-132.1&#x20;9s-102.7&#x20;2.6-132.1-9c-19.6-7.8-34.7-22.9-42.6-42.6-11.7-29.5-9-99.5-9-132.1s-2.6-102.7&#x20;9-132.1c7.8-19.6&#x20;22.9-34.7&#x20;42.6-42.6&#x20;29.5-11.7&#x20;99.5-9&#x20;132.1-9s102.7-2.6&#x20;132.1&#x20;9c19.6&#x20;7.8&#x20;34.7&#x20;22.9&#x20;42.6&#x20;42.6&#x20;11.7&#x20;29.5&#x20;9&#x20;99.5&#x20;9&#x20;132.1s2.7&#x20;102.7-9&#x20;132.1z&#x5C;&quot;&gt;&lt;&#x5C;&#x2F;path&gt;&lt;&#x5C;&#x2F;svg&gt;&quot;&#x7D;,&quot;follow_lightbox_button_text&quot;&#x3A;&quot;View&#x20;on&#x20;Instagram&quot;,&quot;is_promotion&quot;&#x3A;false,&quot;is_pro&quot;&#x3A;false,&quot;video_playback&quot;&#x3A;true,&quot;render_type&quot;&#x3A;&quot;AJAX&quot;&#x7D;\"\n\n                        >\n\n\n                                        <div class=\"inavii-image-skeleton-init\"><\/div>\n    <div class=\"inavii-image-skeleton-init\"><\/div>\n    <div class=\"inavii-image-skeleton-init\"><\/div>\n    <div class=\"inavii-image-skeleton-init\"><\/div>\n    <div class=\"inavii-image-skeleton-init\"><\/div>\n    <div class=\"inavii-image-skeleton-init\"><\/div>\n    <div class=\"inavii-image-skeleton-init\"><\/div>\n    <div class=\"inavii-image-skeleton-init\"><\/div>\n    <div class=\"inavii-image-skeleton-init\"><\/div>\n    <div class=\"inavii-image-skeleton-init\"><\/div>\n    <div class=\"inavii-image-skeleton-init\"><\/div>\n    <div class=\"inavii-image-skeleton-init\"><\/div>\n    <div class=\"inavii-image-skeleton-init\"><\/div>\n    <div class=\"inavii-image-skeleton-init\"><\/div>\n    <div class=\"inavii-image-skeleton-init\"><\/div>\n    <div class=\"inavii-image-skeleton-init\"><\/div>\n    <div class=\"inavii-image-skeleton-init\"><\/div>\n    <div class=\"inavii-image-skeleton-init\"><\/div>\n    <div class=\"inavii-image-skeleton-init\"><\/div>\n    <div class=\"inavii-image-skeleton-init\"><\/div>\n            \n            \n            \n                    \n        \n    <\/div>\n\n\t\t\t\t<\/div>\n\t\t\t\t<\/div>\n\t\t\t\t\t<\/div>\n\t\t\t\t<\/div>\n\t\t\t\t<\/div>","protected":false},"excerpt":{"rendered":"<p>Instagram Please follow us at Instagram to get the latest news and updates. https:\/\/instagram.com\/offgrid.se<\/p>","protected":false},"author":1,"featured_media":0,"parent":0,"menu_order":0,"comment_status":"closed","ping_status":"closed","template":"","meta":{"ocean_post_layout":"full-width","ocean_both_sidebars_style":"","ocean_both_sidebars_content_width":0,"ocean_both_sidebars_sidebars_width":0,"ocean_sidebar":"0","ocean_second_sidebar":"0","ocean_disable_margins":"enable","ocean_add_body_class":"","ocean_shortcode_before_top_bar":"","ocean_shortcode_after_top_bar":"","ocean_shortcode_before_header":"","ocean_shortcode_after_header":"","ocean_has_shortcode":"","ocean_shortcode_after_title":"","ocean_shortcode_before_footer_widgets":"","ocean_shortcode_after_footer_widgets":"","ocean_shortcode_before_footer_bottom":"","ocean_shortcode_after_footer_bottom":"","ocean_display_top_bar":"default","ocean_display_header":"default","ocean_header_style":"","ocean_center_header_left_menu":"0","ocean_custom_header_template":"0","ocean_custom_logo":0,"ocean_custom_retina_logo":0,"ocean_custom_logo_max_width":0,"ocean_custom_logo_tablet_max_width":0,"ocean_custom_logo_mobile_max_width":0,"ocean_custom_logo_max_height":0,"ocean_custom_logo_tablet_max_height":0,"ocean_custom_logo_mobile_max_height":0,"ocean_header_custom_menu":"0","ocean_menu_typo_font_family":"0","ocean_menu_typo_font_subset":"","ocean_menu_typo_font_size":0,"ocean_menu_typo_font_size_tablet":0,"ocean_menu_typo_font_size_mobile":0,"ocean_menu_typo_font_size_unit":"px","ocean_menu_typo_font_weight":"","ocean_menu_typo_font_weight_tablet":"","ocean_menu_typo_font_weight_mobile":"","ocean_menu_typo_transform":"","ocean_menu_typo_transform_tablet":"","ocean_menu_typo_transform_mobile":"","ocean_menu_typo_line_height":0,"ocean_menu_typo_line_height_tablet":0,"ocean_menu_typo_line_height_mobile":0,"ocean_menu_typo_line_height_unit":"","ocean_menu_typo_spacing":0,"ocean_menu_typo_spacing_tablet":0,"ocean_menu_typo_spacing_mobile":0,"ocean_menu_typo_spacing_unit":"","ocean_menu_link_color":"","ocean_menu_link_color_hover":"","ocean_menu_link_color_active":"","ocean_menu_link_background":"","ocean_menu_link_hover_background":"","ocean_menu_link_active_background":"","ocean_menu_social_links_bg":"","ocean_menu_social_hover_links_bg":"","ocean_menu_social_links_color":"","ocean_menu_social_hover_links_color":"","ocean_disable_title":"on","ocean_disable_heading":"default","ocean_post_title":"","ocean_post_subheading":"","ocean_post_title_style":"","ocean_post_title_background_color":"","ocean_post_title_background":0,"ocean_post_title_bg_image_position":"","ocean_post_title_bg_image_attachment":"","ocean_post_title_bg_image_repeat":"","ocean_post_title_bg_image_size":"","ocean_post_title_height":0,"ocean_post_title_bg_overlay":0.5,"ocean_post_title_bg_overlay_color":"","ocean_disable_breadcrumbs":"default","ocean_breadcrumbs_color":"","ocean_breadcrumbs_separator_color":"","ocean_breadcrumbs_links_color":"","ocean_breadcrumbs_links_hover_color":"","ocean_display_footer_widgets":"default","ocean_display_footer_bottom":"default","ocean_custom_footer_template":"0","footnotes":""},"class_list":["post-1278","page","type-page","status-publish","hentry","entry"],"yoast_head":"<!-- This site is optimized with the Yoast SEO plugin v26.8 - https:\/\/yoast.com\/product\/yoast-seo-wordpress\/ -->\n<title>Instagram - OFF GRID SWEDEN<\/title>\n<meta name=\"robots\" content=\"index, follow, max-snippet:-1, max-image-preview:large, max-video-preview:-1\" \/>\n<link rel=\"canonical\" href=\"https:\/\/www.offgrid.se\/sv\/instagram\/\" \/>\n<meta property=\"og:locale\" content=\"sv_SE\" \/>\n<meta property=\"og:type\" content=\"article\" \/>\n<meta property=\"og:title\" content=\"Instagram - OFF GRID SWEDEN\" \/>\n<meta property=\"og:description\" content=\"Instagram Please follow us at Instagram to get the latest news and updates. https:\/\/instagram.com\/offgrid.se\" \/>\n<meta property=\"og:url\" content=\"https:\/\/www.offgrid.se\/sv\/instagram\/\" \/>\n<meta property=\"og:site_name\" content=\"OFF GRID SWEDEN\" \/>\n<meta property=\"article:publisher\" content=\"https:\/\/www.facebook.com\/offgrid.se\/\" \/>\n<meta property=\"article:modified_time\" content=\"2025-03-13T07:21:00+00:00\" \/>\n<meta name=\"twitter:card\" content=\"summary_large_image\" \/>\n<meta name=\"twitter:site\" content=\"@Offgrid_se\" \/>\n<meta name=\"twitter:label1\" content=\"Ber\u00e4knad l\u00e4stid\" \/>\n\t<meta name=\"twitter:data1\" content=\"5 minuter\" \/>\n<script type=\"application\/ld+json\" class=\"yoast-schema-graph\">{\"@context\":\"https:\/\/schema.org\",\"@graph\":[{\"@type\":\"WebPage\",\"@id\":\"https:\/\/www.offgrid.se\/instagram\/\",\"url\":\"https:\/\/www.offgrid.se\/instagram\/\",\"name\":\"Instagram - OFF GRID SWEDEN\",\"isPartOf\":{\"@id\":\"https:\/\/www.offgrid.se\/#website\"},\"datePublished\":\"2018-05-04T09:46:08+00:00\",\"dateModified\":\"2025-03-13T07:21:00+00:00\",\"breadcrumb\":{\"@id\":\"https:\/\/www.offgrid.se\/instagram\/#breadcrumb\"},\"inLanguage\":\"sv-SE\",\"potentialAction\":[{\"@type\":\"ReadAction\",\"target\":[\"https:\/\/www.offgrid.se\/instagram\/\"]}]},{\"@type\":\"BreadcrumbList\",\"@id\":\"https:\/\/www.offgrid.se\/instagram\/#breadcrumb\",\"itemListElement\":[{\"@type\":\"ListItem\",\"position\":1,\"name\":\"Home\",\"item\":\"https:\/\/www.offgrid.se\/\"},{\"@type\":\"ListItem\",\"position\":2,\"name\":\"Instagram\"}]},{\"@type\":\"WebSite\",\"@id\":\"https:\/\/www.offgrid.se\/#website\",\"url\":\"https:\/\/www.offgrid.se\/\",\"name\":\"OFF GRID SWEDEN\",\"description\":\"A more sustainable way of life\",\"publisher\":{\"@id\":\"https:\/\/www.offgrid.se\/#organization\"},\"potentialAction\":[{\"@type\":\"SearchAction\",\"target\":{\"@type\":\"EntryPoint\",\"urlTemplate\":\"https:\/\/www.offgrid.se\/?s={search_term_string}\"},\"query-input\":{\"@type\":\"PropertyValueSpecification\",\"valueRequired\":true,\"valueName\":\"search_term_string\"}}],\"inLanguage\":\"sv-SE\"},{\"@type\":\"Organization\",\"@id\":\"https:\/\/www.offgrid.se\/#organization\",\"name\":\"Off Grid Sweden\",\"url\":\"https:\/\/www.offgrid.se\/\",\"logo\":{\"@type\":\"ImageObject\",\"inLanguage\":\"sv-SE\",\"@id\":\"https:\/\/www.offgrid.se\/#\/schema\/logo\/image\/\",\"url\":\"https:\/\/www.offgrid.se\/wp-content\/uploads\/2017\/06\/sverige_rund_offgrid.png\",\"contentUrl\":\"https:\/\/www.offgrid.se\/wp-content\/uploads\/2017\/06\/sverige_rund_offgrid.png\",\"width\":467,\"height\":350,\"caption\":\"Off Grid Sweden\"},\"image\":{\"@id\":\"https:\/\/www.offgrid.se\/#\/schema\/logo\/image\/\"},\"sameAs\":[\"https:\/\/www.facebook.com\/offgrid.se\/\",\"https:\/\/x.com\/Offgrid_se\",\"http:\/\/instagram.com\/offgrid.se\",\"http:\/\/youtube.com\/offgridsweden\"]}]}<\/script>\n<!-- \/ Yoast SEO plugin. -->","yoast_head_json":{"title":"Instagram - OFF GRID SWEDEN","robots":{"index":"index","follow":"follow","max-snippet":"max-snippet:-1","max-image-preview":"max-image-preview:large","max-video-preview":"max-video-preview:-1"},"canonical":"https:\/\/www.offgrid.se\/sv\/instagram\/","og_locale":"sv_SE","og_type":"article","og_title":"Instagram - OFF GRID SWEDEN","og_description":"Instagram Please follow us at Instagram to get the latest news and updates. https:\/\/instagram.com\/offgrid.se","og_url":"https:\/\/www.offgrid.se\/sv\/instagram\/","og_site_name":"OFF GRID SWEDEN","article_publisher":"https:\/\/www.facebook.com\/offgrid.se\/","article_modified_time":"2025-03-13T07:21:00+00:00","twitter_card":"summary_large_image","twitter_site":"@Offgrid_se","twitter_misc":{"Ber\u00e4knad l\u00e4stid":"5 minuter"},"schema":{"@context":"https:\/\/schema.org","@graph":[{"@type":"WebPage","@id":"https:\/\/www.offgrid.se\/instagram\/","url":"https:\/\/www.offgrid.se\/instagram\/","name":"Instagram - OFF GRID SWEDEN","isPartOf":{"@id":"https:\/\/www.offgrid.se\/#website"},"datePublished":"2018-05-04T09:46:08+00:00","dateModified":"2025-03-13T07:21:00+00:00","breadcrumb":{"@id":"https:\/\/www.offgrid.se\/instagram\/#breadcrumb"},"inLanguage":"sv-SE","potentialAction":[{"@type":"ReadAction","target":["https:\/\/www.offgrid.se\/instagram\/"]}]},{"@type":"BreadcrumbList","@id":"https:\/\/www.offgrid.se\/instagram\/#breadcrumb","itemListElement":[{"@type":"ListItem","position":1,"name":"Home","item":"https:\/\/www.offgrid.se\/"},{"@type":"ListItem","position":2,"name":"Instagram"}]},{"@type":"WebSite","@id":"https:\/\/www.offgrid.se\/#website","url":"https:\/\/www.offgrid.se\/","name":"OFF GRID SWEDEN","description":"A more sustainable way of life","publisher":{"@id":"https:\/\/www.offgrid.se\/#organization"},"potentialAction":[{"@type":"SearchAction","target":{"@type":"EntryPoint","urlTemplate":"https:\/\/www.offgrid.se\/?s={search_term_string}"},"query-input":{"@type":"PropertyValueSpecification","valueRequired":true,"valueName":"search_term_string"}}],"inLanguage":"sv-SE"},{"@type":"Organization","@id":"https:\/\/www.offgrid.se\/#organization","name":"Off Grid Sweden","url":"https:\/\/www.offgrid.se\/","logo":{"@type":"ImageObject","inLanguage":"sv-SE","@id":"https:\/\/www.offgrid.se\/#\/schema\/logo\/image\/","url":"https:\/\/www.offgrid.se\/wp-content\/uploads\/2017\/06\/sverige_rund_offgrid.png","contentUrl":"https:\/\/www.offgrid.se\/wp-content\/uploads\/2017\/06\/sverige_rund_offgrid.png","width":467,"height":350,"caption":"Off Grid Sweden"},"image":{"@id":"https:\/\/www.offgrid.se\/#\/schema\/logo\/image\/"},"sameAs":["https:\/\/www.facebook.com\/offgrid.se\/","https:\/\/x.com\/Offgrid_se","http:\/\/instagram.com\/offgrid.se","http:\/\/youtube.com\/offgridsweden"]}]}},"_links":{"self":[{"href":"https:\/\/www.offgrid.se\/sv\/wp-json\/wp\/v2\/pages\/1278","targetHints":{"allow":["GET"]}}],"collection":[{"href":"https:\/\/www.offgrid.se\/sv\/wp-json\/wp\/v2\/pages"}],"about":[{"href":"https:\/\/www.offgrid.se\/sv\/wp-json\/wp\/v2\/types\/page"}],"author":[{"embeddable":true,"href":"https:\/\/www.offgrid.se\/sv\/wp-json\/wp\/v2\/users\/1"}],"replies":[{"embeddable":true,"href":"https:\/\/www.offgrid.se\/sv\/wp-json\/wp\/v2\/comments?post=1278"}],"version-history":[{"count":13,"href":"https:\/\/www.offgrid.se\/sv\/wp-json\/wp\/v2\/pages\/1278\/revisions"}],"predecessor-version":[{"id":1994,"href":"https:\/\/www.offgrid.se\/sv\/wp-json\/wp\/v2\/pages\/1278\/revisions\/1994"}],"wp:attachment":[{"href":"https:\/\/www.offgrid.se\/sv\/wp-json\/wp\/v2\/media?parent=1278"}],"curies":[{"name":"wp","href":"https:\/\/api.w.org\/{rel}","templated":true}]}}