{"id":1771,"date":"2024-06-04T06:59:51","date_gmt":"2024-06-04T05:59:51","guid":{"rendered":"https:\/\/www.offgrid.se\/?page_id=1771"},"modified":"2024-06-07T15:51:28","modified_gmt":"2024-06-07T14:51:28","slug":"off-grid-rv","status":"publish","type":"page","link":"https:\/\/www.offgrid.se\/sv\/off-grid-rv\/","title":{"rendered":"V\u00e5r Off Grid husbil"},"content":{"rendered":"<div data-elementor-type=\"wp-page\" data-elementor-id=\"1771\" class=\"elementor elementor-1771\" data-elementor-post-type=\"page\">\n\t\t\t\t<div class=\"elementor-element elementor-element-68a738e e-flex e-con-boxed e-con e-parent\" data-id=\"68a738e\" data-element_type=\"container\">\n\t\t\t\t\t<div class=\"e-con-inner\">\n\t\t\t\t<div class=\"elementor-element elementor-element-ad624da elementor-widget elementor-widget-text-editor\" data-id=\"ad624da\" data-element_type=\"widget\" data-widget_type=\"text-editor.default\">\n\t\t\t\t<div class=\"elementor-widget-container\">\n\t\t\t\t\t\t\t\t\t<p style=\"font-variant-ligatures: normal; font-variant-caps: normal; font-family: Roboto, sans-serif; font-size: 14px; font-style: normal; font-weight: 400;\">Under sommaren 2023 k\u00f6pte vi en husbil. Sedan dess har vi bes\u00f6kt n\u00e5gra av de mest fantastiska platserna runt om i Sverige.<\/p><p style=\"font-variant-ligatures: normal; font-variant-caps: normal; font-family: Roboto, sans-serif; font-size: 14px; font-style: normal; font-weight: 400;\">Husbilen \u00e4r en Dethleffs Esprit 7150-2 DBM fr\u00e5n 2022.<\/p>\t\t\t\t\t\t\t\t<\/div>\n\t\t\t\t<\/div>\n\t\t\t\t<div class=\"elementor-element elementor-element-7fcc73f elementor-widget elementor-widget-image\" data-id=\"7fcc73f\" data-element_type=\"widget\" data-widget_type=\"image.default\">\n\t\t\t\t<div class=\"elementor-widget-container\">\n\t\t\t\t\t\t\t\t\t\t\t\t\t\t\t<img fetchpriority=\"high\" decoding=\"async\" width=\"1024\" height=\"472\" src=\"https:\/\/www.offgrid.se\/wp-content\/uploads\/2024\/06\/husbil-1024x472.png\" class=\"attachment-large size-large wp-image-1857\" alt=\"\" srcset=\"https:\/\/www.offgrid.se\/wp-content\/uploads\/2024\/06\/husbil-1024x472.png 1024w, https:\/\/www.offgrid.se\/wp-content\/uploads\/2024\/06\/husbil-300x138.png 300w, https:\/\/www.offgrid.se\/wp-content\/uploads\/2024\/06\/husbil-768x354.png 768w, https:\/\/www.offgrid.se\/wp-content\/uploads\/2024\/06\/husbil-1536x708.png 1536w, https:\/\/www.offgrid.se\/wp-content\/uploads\/2024\/06\/husbil-2048x943.png 2048w\" sizes=\"(max-width: 1024px) 100vw, 1024px\" \/>\t\t\t\t\t\t\t\t\t\t\t\t\t\t\t<\/div>\n\t\t\t\t<\/div>\n\t\t\t\t<div class=\"elementor-element elementor-element-f4461ab elementor-widget elementor-widget-text-editor\" data-id=\"f4461ab\" data-element_type=\"widget\" data-widget_type=\"text-editor.default\">\n\t\t\t\t<div class=\"elementor-widget-container\">\n\t\t\t\t\t\t\t\t\t<p><span style=\"font-size: 14px; color: var( --e-global-color-text ); text-align: var(--text-align);\">Vi har nyligen p\u00e5b\u00f6rjat ett sp\u00e4nnande projekt f\u00f6r att f\u00f6rvandla v\u00e5r husbil till ett helt off-grid mobilt hem, med hj\u00e4lp av innovativa l\u00f6sningar fr\u00e5n Victron Energy. Genom att integrera f\u00f6rstklassiga Victron-produkter har vi s\u00e4kerst\u00e4llt att v\u00e5r husbil \u00e4r sj\u00e4lvf\u00f6rs\u00f6rjande, h\u00e5llbar och redo f\u00f6r alla \u00e4ventyr.<\/span><\/p><p>Hj\u00e4rtat i v\u00e5r ombyggnad \u00e4r Victron MultiPlus v\u00e4xelriktare\/laddare, som s\u00f6ml\u00f6st kombinerar kraftfulla inverterfunktioner med avancerad laddningsteknik. Detta g\u00f6r det m\u00f6jligt f\u00f6r oss att njuta av alla hemmets bekv\u00e4mligheter, inklusive h\u00f6gf\u00f6rbrukande apparater, samtidigt som vi effektivt hanterar v\u00e5r energilagring.<\/p><p>Som komplement till MultiPlus har vi installerat ett robust solcellssystem med Victron MPPT-laddningsregulatorer. Dessa regulatorer optimerar energin fr\u00e5n v\u00e5ra solpaneler, vilket s\u00e4kerst\u00e4ller att v\u00e5ra batterier alltid \u00e4r optimalt laddade, oavsett solf\u00f6rh\u00e5llanden.<\/p><p>F\u00f6r att h\u00e5lla allt ig\u00e5ng smidigt f\u00f6rlitar vi oss p\u00e5 Victron BMV batterimonitor och Cerbo GX kommunikationsenhet. BMV ger oss exakt realtids\u00f6vervakning av batterih\u00e4lsa och prestanda, medan Cerbo GX erbjuder omfattande systemkontroll och fj\u00e4rr\u00f6vervakning via Victron Remote Management (VRM)-portalen. Denna setup ger oss full \u00f6verblick och trygghet \u00f6ver v\u00e5rt elsystem, oavsett om vi \u00e4r p\u00e5 v\u00e4gen eller parkerade off-grid.<\/p><p>Dessutom har vi integrerat Victron 50A DC\/DC-omvandlare, en viktig komponent f\u00f6r att effektivt ladda v\u00e5ra extra batterier medan vi k\u00f6r. Denna omvandlare s\u00e4kerst\u00e4ller att batterierna f\u00e5r r\u00e4tt laddningssp\u00e4nning, vilket optimerar b\u00e5de deras livsl\u00e4ngd och prestanda.<\/p><p>K\u00e4rnan i v\u00e5r off-grid energil\u00f6sning \u00e4r Victron 330Ah litiumbatteri, som erbjuder h\u00f6g kapacitet och enast\u00e5ende effektivitet. Detta litiumbatteri ger en p\u00e5litlig och l\u00e5ngvarig energilagring, vilket g\u00f6r det enkelt f\u00f6r oss att driva alla v\u00e5ra viktiga enheter och apparater utan bekymmer.<\/p><p>F\u00f6r att s\u00e4kerst\u00e4lla optimal kraftf\u00f6rdelning och s\u00e4kerhet har vi integrerat Victron Lynx Distributor bussbar. Detta modul\u00e4ra DC-distributionssystem, med inbyggda s\u00e4kringar och \u00f6vervakningsfunktioner, f\u00f6rb\u00e4ttrar b\u00e5de organisationen och drifts\u00e4kerheten i v\u00e5rt elsystem. Det ger oss \u00e4ven tydlig insyn i statusen f\u00f6r varje enskild komponent.<\/p><p>Genom att v\u00e4lja Victron Energy-produkter f\u00f6r v\u00e5r off-grid-konvertering har vi skapat en p\u00e5litlig, effektiv och h\u00e5llbar husbil som l\u00e5ter oss utforska v\u00e4rlden utan kompromisser. V\u00e5r husbil \u00e4r mer \u00e4n bara ett fordon \u2013 den \u00e4r ett bevis p\u00e5 innovation och v\u00e5rt engagemang f\u00f6r off-grid-liv.<\/p>\t\t\t\t\t\t\t\t<\/div>\n\t\t\t\t<\/div>\n\t\t\t\t\t<\/div>\n\t\t\t\t<\/div>\n\t\t\t\t<\/div>","protected":false},"excerpt":{"rendered":"<p>In the summer of 2023 we bought an RV. We have since then been at some of the most amazing places around Sweden. The RV is a Dethleffs Esprit 7150-2 DBM from 2022. We recently embarked on an exciting project to transform our RV into a fully off-grid mobile haven, leveraging the innovative solutions offered [&hellip;]<\/p>","protected":false},"author":1,"featured_media":0,"parent":0,"menu_order":0,"comment_status":"closed","ping_status":"closed","template":"","meta":{"ocean_post_layout":"","ocean_both_sidebars_style":"","ocean_both_sidebars_content_width":0,"ocean_both_sidebars_sidebars_width":0,"ocean_sidebar":"","ocean_second_sidebar":"","ocean_disable_margins":"enable","ocean_add_body_class":"","ocean_shortcode_before_top_bar":"","ocean_shortcode_after_top_bar":"","ocean_shortcode_before_header":"","ocean_shortcode_after_header":"","ocean_has_shortcode":"","ocean_shortcode_after_title":"","ocean_shortcode_before_footer_widgets":"","ocean_shortcode_after_footer_widgets":"","ocean_shortcode_before_footer_bottom":"","ocean_shortcode_after_footer_bottom":"","ocean_display_top_bar":"default","ocean_display_header":"default","ocean_header_style":"","ocean_center_header_left_menu":"","ocean_custom_header_template":"","ocean_custom_logo":0,"ocean_custom_retina_logo":0,"ocean_custom_logo_max_width":0,"ocean_custom_logo_tablet_max_width":0,"ocean_custom_logo_mobile_max_width":0,"ocean_custom_logo_max_height":0,"ocean_custom_logo_tablet_max_height":0,"ocean_custom_logo_mobile_max_height":0,"ocean_header_custom_menu":"","ocean_menu_typo_font_family":"","ocean_menu_typo_font_subset":"","ocean_menu_typo_font_size":0,"ocean_menu_typo_font_size_tablet":0,"ocean_menu_typo_font_size_mobile":0,"ocean_menu_typo_font_size_unit":"px","ocean_menu_typo_font_weight":"","ocean_menu_typo_font_weight_tablet":"","ocean_menu_typo_font_weight_mobile":"","ocean_menu_typo_transform":"","ocean_menu_typo_transform_tablet":"","ocean_menu_typo_transform_mobile":"","ocean_menu_typo_line_height":0,"ocean_menu_typo_line_height_tablet":0,"ocean_menu_typo_line_height_mobile":0,"ocean_menu_typo_line_height_unit":"","ocean_menu_typo_spacing":0,"ocean_menu_typo_spacing_tablet":0,"ocean_menu_typo_spacing_mobile":0,"ocean_menu_typo_spacing_unit":"","ocean_menu_link_color":"","ocean_menu_link_color_hover":"","ocean_menu_link_color_active":"","ocean_menu_link_background":"","ocean_menu_link_hover_background":"","ocean_menu_link_active_background":"","ocean_menu_social_links_bg":"","ocean_menu_social_hover_links_bg":"","ocean_menu_social_links_color":"","ocean_menu_social_hover_links_color":"","ocean_disable_title":"default","ocean_disable_heading":"default","ocean_post_title":"","ocean_post_subheading":"","ocean_post_title_style":"","ocean_post_title_background_color":"","ocean_post_title_background":0,"ocean_post_title_bg_image_position":"","ocean_post_title_bg_image_attachment":"","ocean_post_title_bg_image_repeat":"","ocean_post_title_bg_image_size":"","ocean_post_title_height":0,"ocean_post_title_bg_overlay":0.5,"ocean_post_title_bg_overlay_color":"","ocean_disable_breadcrumbs":"default","ocean_breadcrumbs_color":"","ocean_breadcrumbs_separator_color":"","ocean_breadcrumbs_links_color":"","ocean_breadcrumbs_links_hover_color":"","ocean_display_footer_widgets":"default","ocean_display_footer_bottom":"default","ocean_custom_footer_template":"","footnotes":""},"class_list":["post-1771","page","type-page","status-publish","hentry","entry"],"yoast_head":"<!-- This site is optimized with the Yoast SEO plugin v26.8 - https:\/\/yoast.com\/product\/yoast-seo-wordpress\/ -->\n<title>Off Grid RV - OFF GRID SWEDEN<\/title>\n<meta name=\"description\" content=\"We have built an Off Grid RV. It is powered by components from Victron Energy. Now we can stay Off Grid for a substancial amout of time.\" \/>\n<meta name=\"robots\" content=\"index, follow, max-snippet:-1, max-image-preview:large, max-video-preview:-1\" \/>\n<link rel=\"canonical\" href=\"https:\/\/www.offgrid.se\/sv\/off-grid-rv\/\" \/>\n<meta property=\"og:locale\" content=\"sv_SE\" \/>\n<meta property=\"og:type\" content=\"article\" \/>\n<meta property=\"og:title\" content=\"Off Grid RV - OFF GRID SWEDEN\" \/>\n<meta property=\"og:description\" content=\"We have built an Off Grid RV. It is powered by components from Victron Energy. Now we can stay Off Grid for a substancial amout of time.\" \/>\n<meta property=\"og:url\" content=\"https:\/\/www.offgrid.se\/sv\/off-grid-rv\/\" \/>\n<meta property=\"og:site_name\" content=\"OFF GRID SWEDEN\" \/>\n<meta property=\"article:publisher\" content=\"https:\/\/www.facebook.com\/offgrid.se\/\" \/>\n<meta property=\"article:modified_time\" content=\"2024-06-07T14:51:28+00:00\" \/>\n<meta property=\"og:image\" content=\"http:\/\/www.offgrid.se\/wp-content\/uploads\/2024\/06\/husbil-1024x472.png\" \/>\n<meta name=\"twitter:card\" content=\"summary_large_image\" \/>\n<meta name=\"twitter:site\" content=\"@Offgrid_se\" \/>\n<meta name=\"twitter:label1\" content=\"Ber\u00e4knad l\u00e4stid\" \/>\n\t<meta name=\"twitter:data1\" content=\"2 minuter\" \/>\n<script type=\"application\/ld+json\" class=\"yoast-schema-graph\">{\"@context\":\"https:\/\/schema.org\",\"@graph\":[{\"@type\":\"WebPage\",\"@id\":\"https:\/\/www.offgrid.se\/off-grid-rv\/\",\"url\":\"https:\/\/www.offgrid.se\/off-grid-rv\/\",\"name\":\"Off Grid RV - OFF GRID SWEDEN\",\"isPartOf\":{\"@id\":\"https:\/\/www.offgrid.se\/#website\"},\"primaryImageOfPage\":{\"@id\":\"https:\/\/www.offgrid.se\/off-grid-rv\/#primaryimage\"},\"image\":{\"@id\":\"https:\/\/www.offgrid.se\/off-grid-rv\/#primaryimage\"},\"thumbnailUrl\":\"http:\/\/www.offgrid.se\/wp-content\/uploads\/2024\/06\/husbil-1024x472.png\",\"datePublished\":\"2024-06-04T05:59:51+00:00\",\"dateModified\":\"2024-06-07T14:51:28+00:00\",\"description\":\"We have built an Off Grid RV. It is powered by components from Victron Energy. Now we can stay Off Grid for a substancial amout of time.\",\"breadcrumb\":{\"@id\":\"https:\/\/www.offgrid.se\/off-grid-rv\/#breadcrumb\"},\"inLanguage\":\"sv-SE\",\"potentialAction\":[{\"@type\":\"ReadAction\",\"target\":[\"https:\/\/www.offgrid.se\/off-grid-rv\/\"]}]},{\"@type\":\"ImageObject\",\"inLanguage\":\"sv-SE\",\"@id\":\"https:\/\/www.offgrid.se\/off-grid-rv\/#primaryimage\",\"url\":\"http:\/\/www.offgrid.se\/wp-content\/uploads\/2024\/06\/husbil-1024x472.png\",\"contentUrl\":\"http:\/\/www.offgrid.se\/wp-content\/uploads\/2024\/06\/husbil-1024x472.png\"},{\"@type\":\"BreadcrumbList\",\"@id\":\"https:\/\/www.offgrid.se\/off-grid-rv\/#breadcrumb\",\"itemListElement\":[{\"@type\":\"ListItem\",\"position\":1,\"name\":\"Home\",\"item\":\"https:\/\/www.offgrid.se\/\"},{\"@type\":\"ListItem\",\"position\":2,\"name\":\"Off Grid RV\"}]},{\"@type\":\"WebSite\",\"@id\":\"https:\/\/www.offgrid.se\/#website\",\"url\":\"https:\/\/www.offgrid.se\/\",\"name\":\"OFF GRID SWEDEN\",\"description\":\"A more sustainable way of life\",\"publisher\":{\"@id\":\"https:\/\/www.offgrid.se\/#organization\"},\"potentialAction\":[{\"@type\":\"SearchAction\",\"target\":{\"@type\":\"EntryPoint\",\"urlTemplate\":\"https:\/\/www.offgrid.se\/?s={search_term_string}\"},\"query-input\":{\"@type\":\"PropertyValueSpecification\",\"valueRequired\":true,\"valueName\":\"search_term_string\"}}],\"inLanguage\":\"sv-SE\"},{\"@type\":\"Organization\",\"@id\":\"https:\/\/www.offgrid.se\/#organization\",\"name\":\"Off Grid Sweden\",\"url\":\"https:\/\/www.offgrid.se\/\",\"logo\":{\"@type\":\"ImageObject\",\"inLanguage\":\"sv-SE\",\"@id\":\"https:\/\/www.offgrid.se\/#\/schema\/logo\/image\/\",\"url\":\"https:\/\/www.offgrid.se\/wp-content\/uploads\/2017\/06\/sverige_rund_offgrid.png\",\"contentUrl\":\"https:\/\/www.offgrid.se\/wp-content\/uploads\/2017\/06\/sverige_rund_offgrid.png\",\"width\":467,\"height\":350,\"caption\":\"Off Grid Sweden\"},\"image\":{\"@id\":\"https:\/\/www.offgrid.se\/#\/schema\/logo\/image\/\"},\"sameAs\":[\"https:\/\/www.facebook.com\/offgrid.se\/\",\"https:\/\/x.com\/Offgrid_se\",\"http:\/\/instagram.com\/offgrid.se\",\"http:\/\/youtube.com\/offgridsweden\"]}]}<\/script>\n<!-- \/ Yoast SEO plugin. -->","yoast_head_json":{"title":"Off Grid RV - OFF GRID SWEDEN","description":"We have built an Off Grid RV. It is powered by components from Victron Energy. Now we can stay Off Grid for a substancial amout of time.","robots":{"index":"index","follow":"follow","max-snippet":"max-snippet:-1","max-image-preview":"max-image-preview:large","max-video-preview":"max-video-preview:-1"},"canonical":"https:\/\/www.offgrid.se\/sv\/off-grid-rv\/","og_locale":"sv_SE","og_type":"article","og_title":"Off Grid RV - OFF GRID SWEDEN","og_description":"We have built an Off Grid RV. It is powered by components from Victron Energy. Now we can stay Off Grid for a substancial amout of time.","og_url":"https:\/\/www.offgrid.se\/sv\/off-grid-rv\/","og_site_name":"OFF GRID SWEDEN","article_publisher":"https:\/\/www.facebook.com\/offgrid.se\/","article_modified_time":"2024-06-07T14:51:28+00:00","og_image":[{"url":"http:\/\/www.offgrid.se\/wp-content\/uploads\/2024\/06\/husbil-1024x472.png","type":"","width":"","height":""}],"twitter_card":"summary_large_image","twitter_site":"@Offgrid_se","twitter_misc":{"Ber\u00e4knad l\u00e4stid":"2 minuter"},"schema":{"@context":"https:\/\/schema.org","@graph":[{"@type":"WebPage","@id":"https:\/\/www.offgrid.se\/off-grid-rv\/","url":"https:\/\/www.offgrid.se\/off-grid-rv\/","name":"Off Grid RV - OFF GRID SWEDEN","isPartOf":{"@id":"https:\/\/www.offgrid.se\/#website"},"primaryImageOfPage":{"@id":"https:\/\/www.offgrid.se\/off-grid-rv\/#primaryimage"},"image":{"@id":"https:\/\/www.offgrid.se\/off-grid-rv\/#primaryimage"},"thumbnailUrl":"http:\/\/www.offgrid.se\/wp-content\/uploads\/2024\/06\/husbil-1024x472.png","datePublished":"2024-06-04T05:59:51+00:00","dateModified":"2024-06-07T14:51:28+00:00","description":"We have built an Off Grid RV. It is powered by components from Victron Energy. Now we can stay Off Grid for a substancial amout of time.","breadcrumb":{"@id":"https:\/\/www.offgrid.se\/off-grid-rv\/#breadcrumb"},"inLanguage":"sv-SE","potentialAction":[{"@type":"ReadAction","target":["https:\/\/www.offgrid.se\/off-grid-rv\/"]}]},{"@type":"ImageObject","inLanguage":"sv-SE","@id":"https:\/\/www.offgrid.se\/off-grid-rv\/#primaryimage","url":"http:\/\/www.offgrid.se\/wp-content\/uploads\/2024\/06\/husbil-1024x472.png","contentUrl":"http:\/\/www.offgrid.se\/wp-content\/uploads\/2024\/06\/husbil-1024x472.png"},{"@type":"BreadcrumbList","@id":"https:\/\/www.offgrid.se\/off-grid-rv\/#breadcrumb","itemListElement":[{"@type":"ListItem","position":1,"name":"Home","item":"https:\/\/www.offgrid.se\/"},{"@type":"ListItem","position":2,"name":"Off Grid RV"}]},{"@type":"WebSite","@id":"https:\/\/www.offgrid.se\/#website","url":"https:\/\/www.offgrid.se\/","name":"OFF GRID SWEDEN","description":"A more sustainable way of life","publisher":{"@id":"https:\/\/www.offgrid.se\/#organization"},"potentialAction":[{"@type":"SearchAction","target":{"@type":"EntryPoint","urlTemplate":"https:\/\/www.offgrid.se\/?s={search_term_string}"},"query-input":{"@type":"PropertyValueSpecification","valueRequired":true,"valueName":"search_term_string"}}],"inLanguage":"sv-SE"},{"@type":"Organization","@id":"https:\/\/www.offgrid.se\/#organization","name":"Off Grid Sweden","url":"https:\/\/www.offgrid.se\/","logo":{"@type":"ImageObject","inLanguage":"sv-SE","@id":"https:\/\/www.offgrid.se\/#\/schema\/logo\/image\/","url":"https:\/\/www.offgrid.se\/wp-content\/uploads\/2017\/06\/sverige_rund_offgrid.png","contentUrl":"https:\/\/www.offgrid.se\/wp-content\/uploads\/2017\/06\/sverige_rund_offgrid.png","width":467,"height":350,"caption":"Off Grid Sweden"},"image":{"@id":"https:\/\/www.offgrid.se\/#\/schema\/logo\/image\/"},"sameAs":["https:\/\/www.facebook.com\/offgrid.se\/","https:\/\/x.com\/Offgrid_se","http:\/\/instagram.com\/offgrid.se","http:\/\/youtube.com\/offgridsweden"]}]}},"_links":{"self":[{"href":"https:\/\/www.offgrid.se\/sv\/wp-json\/wp\/v2\/pages\/1771","targetHints":{"allow":["GET"]}}],"collection":[{"href":"https:\/\/www.offgrid.se\/sv\/wp-json\/wp\/v2\/pages"}],"about":[{"href":"https:\/\/www.offgrid.se\/sv\/wp-json\/wp\/v2\/types\/page"}],"author":[{"embeddable":true,"href":"https:\/\/www.offgrid.se\/sv\/wp-json\/wp\/v2\/users\/1"}],"replies":[{"embeddable":true,"href":"https:\/\/www.offgrid.se\/sv\/wp-json\/wp\/v2\/comments?post=1771"}],"version-history":[{"count":15,"href":"https:\/\/www.offgrid.se\/sv\/wp-json\/wp\/v2\/pages\/1771\/revisions"}],"predecessor-version":[{"id":1860,"href":"https:\/\/www.offgrid.se\/sv\/wp-json\/wp\/v2\/pages\/1771\/revisions\/1860"}],"wp:attachment":[{"href":"https:\/\/www.offgrid.se\/sv\/wp-json\/wp\/v2\/media?parent=1771"}],"curies":[{"name":"wp","href":"https:\/\/api.w.org\/{rel}","templated":true}]}}