{"id":476,"date":"2016-07-29T11:57:07","date_gmt":"2016-07-29T10:57:07","guid":{"rendered":"http:\/\/www.offgrid.se\/?page_id=476"},"modified":"2023-12-29T09:43:15","modified_gmt":"2023-12-29T08:43:15","slug":"the-homestead","status":"publish","type":"page","link":"https:\/\/www.offgrid.se\/sv\/the-homestead\/","title":{"rendered":"V\u00e5rt hem"},"content":{"rendered":"<div data-elementor-type=\"wp-post\" data-elementor-id=\"476\" class=\"elementor elementor-476 elementor-bc-flex-widget\" data-elementor-post-type=\"page\">\n\t\t\t\t\t\t<section class=\"elementor-section elementor-top-section elementor-element elementor-element-6d5cf0e0 elementor-section-full_width elementor-section-height-full elementor-section-items-stretch elementor-section-content-middle elementor-section-height-default\" data-id=\"6d5cf0e0\" data-element_type=\"section\" data-settings=\"{&quot;background_background&quot;:&quot;video&quot;,&quot;background_video_link&quot;:&quot;https:\\\/\\\/youtu.be\\\/W-2OeohkrzY&quot;}\">\n\t\t\t\t\t\t\t\t<div class=\"elementor-background-video-container elementor-hidden-mobile\">\n\t\t\t\t\t\t\t\t\t\t\t\t\t<div class=\"elementor-background-video-embed\" role=\"presentation\"><\/div>\n\t\t\t\t\t\t\t\t\t\t\t\t<\/div>\n\t\t\t\t\t\t\t\t\t<div class=\"elementor-background-overlay\"><\/div>\n\t\t\t\t\t\t\t<div class=\"elementor-container elementor-column-gap-default\">\n\t\t\t\t\t<div class=\"elementor-column elementor-col-50 elementor-top-column elementor-element elementor-element-3c5a8a43\" data-id=\"3c5a8a43\" data-element_type=\"column\" data-settings=\"{&quot;background_background&quot;:&quot;classic&quot;}\">\n\t\t\t<div class=\"elementor-widget-wrap elementor-element-populated\">\n\t\t\t\t\t\t<div class=\"elementor-element elementor-element-689b45f3 elementor-view-default elementor-widget elementor-widget-icon\" data-id=\"689b45f3\" data-element_type=\"widget\" data-widget_type=\"icon.default\">\n\t\t\t\t<div class=\"elementor-widget-container\">\n\t\t\t\t\t\t\t<div class=\"elementor-icon-wrapper\">\n\t\t\t<div class=\"elementor-icon\">\n\t\t\t\t\t\t\t<i class=\"fa fa-home\" aria-hidden=\"true\"><\/i>\n\t\t\t\t\t\t<\/div>\n\t\t<\/div>\n\t\t\t\t\t\t<\/div>\n\t\t\t\t<\/div>\n\t\t\t\t<div class=\"elementor-element elementor-element-52dec9e8 elementor-widget elementor-widget-text-editor\" data-id=\"52dec9e8\" data-element_type=\"widget\" data-widget_type=\"text-editor.default\">\n\t\t\t\t<div class=\"elementor-widget-container\">\n\t\t\t\t\t\t\t\t\t<p>V\u00e5r g\u00e5rd \u00e4r fr\u00e5n 1800-talet.<\/p><p>\u00a0<\/p><p>P\u00e5 90-talet lades det nya k\u00f6ket och sovrummet till.<\/p><p>\u00a0<\/p><p>Vi bor inte permanent p\u00e5 g\u00e5rden, men vi f\u00f6rs\u00f6ker vara d\u00e4r s\u00e5 mycket vi kan.<\/p><p>\u00a0<\/p><p>Fastigheten \u00e4r cirka 6 hektar.<\/p><p>\u00a0<\/p><p>Vi har tillg\u00e5ng till vatten direkt p\u00e5 v\u00e5r fastighet.<\/p><p>\u00a0<\/p><p>Det finns m\u00e5nga djur \u2013 f\u00e5glar, r\u00e5djur, \u00e4lgar och vildsvin.<\/p><p>\u00a0<\/p><p>Vi har ocks\u00e5 h\u00f6rt n\u00e5gra vargar.<\/p><p>\u00a0<\/p><p>\u00a0<\/p>\t\t\t\t\t\t\t\t<\/div>\n\t\t\t\t<\/div>\n\t\t\t\t\t<\/div>\n\t\t<\/div>\n\t\t\t\t<div class=\"elementor-column elementor-col-50 elementor-top-column elementor-element elementor-element-6dbe43\" data-id=\"6dbe43\" data-element_type=\"column\">\n\t\t\t<div class=\"elementor-widget-wrap\">\n\t\t\t\t\t\t\t<\/div>\n\t\t<\/div>\n\t\t\t\t\t<\/div>\n\t\t<\/section>\n\t\t\t\t<\/div>","protected":false},"excerpt":{"rendered":"<p>Our homestead is from the 1800th. In the 90s the new kitchen and bedroom was added. We do not live full time on our homestead byt we are trying to be there as much as we can. The property is about 6 ha. We have access to water right on or property. There are a [&hellip;]<\/p>","protected":false},"author":1,"featured_media":0,"parent":0,"menu_order":0,"comment_status":"closed","ping_status":"closed","template":"","meta":{"ocean_post_layout":"full-screen","ocean_both_sidebars_style":"","ocean_both_sidebars_content_width":0,"ocean_both_sidebars_sidebars_width":0,"ocean_sidebar":"0","ocean_second_sidebar":"0","ocean_disable_margins":"enable","ocean_add_body_class":"","ocean_shortcode_before_top_bar":"","ocean_shortcode_after_top_bar":"","ocean_shortcode_before_header":"","ocean_shortcode_after_header":"","ocean_has_shortcode":"","ocean_shortcode_after_title":"","ocean_shortcode_before_footer_widgets":"","ocean_shortcode_after_footer_widgets":"","ocean_shortcode_before_footer_bottom":"","ocean_shortcode_after_footer_bottom":"","ocean_display_top_bar":"default","ocean_display_header":"default","ocean_header_style":"","ocean_center_header_left_menu":"0","ocean_custom_header_template":"0","ocean_custom_logo":0,"ocean_custom_retina_logo":0,"ocean_custom_logo_max_width":0,"ocean_custom_logo_tablet_max_width":0,"ocean_custom_logo_mobile_max_width":0,"ocean_custom_logo_max_height":0,"ocean_custom_logo_tablet_max_height":0,"ocean_custom_logo_mobile_max_height":0,"ocean_header_custom_menu":"0","ocean_menu_typo_font_family":"0","ocean_menu_typo_font_subset":"","ocean_menu_typo_font_size":0,"ocean_menu_typo_font_size_tablet":0,"ocean_menu_typo_font_size_mobile":0,"ocean_menu_typo_font_size_unit":"px","ocean_menu_typo_font_weight":"","ocean_menu_typo_font_weight_tablet":"","ocean_menu_typo_font_weight_mobile":"","ocean_menu_typo_transform":"","ocean_menu_typo_transform_tablet":"","ocean_menu_typo_transform_mobile":"","ocean_menu_typo_line_height":0,"ocean_menu_typo_line_height_tablet":0,"ocean_menu_typo_line_height_mobile":0,"ocean_menu_typo_line_height_unit":"","ocean_menu_typo_spacing":0,"ocean_menu_typo_spacing_tablet":0,"ocean_menu_typo_spacing_mobile":0,"ocean_menu_typo_spacing_unit":"","ocean_menu_link_color":"","ocean_menu_link_color_hover":"","ocean_menu_link_color_active":"","ocean_menu_link_background":"","ocean_menu_link_hover_background":"","ocean_menu_link_active_background":"","ocean_menu_social_links_bg":"","ocean_menu_social_hover_links_bg":"","ocean_menu_social_links_color":"","ocean_menu_social_hover_links_color":"","ocean_disable_title":"on","ocean_disable_heading":"default","ocean_post_title":"","ocean_post_subheading":"","ocean_post_title_style":"","ocean_post_title_background_color":"","ocean_post_title_background":0,"ocean_post_title_bg_image_position":"","ocean_post_title_bg_image_attachment":"","ocean_post_title_bg_image_repeat":"","ocean_post_title_bg_image_size":"","ocean_post_title_height":0,"ocean_post_title_bg_overlay":0.5,"ocean_post_title_bg_overlay_color":"","ocean_disable_breadcrumbs":"default","ocean_breadcrumbs_color":"","ocean_breadcrumbs_separator_color":"","ocean_breadcrumbs_links_color":"","ocean_breadcrumbs_links_hover_color":"","ocean_display_footer_widgets":"default","ocean_display_footer_bottom":"default","ocean_custom_footer_template":"0","footnotes":""},"class_list":["post-476","page","type-page","status-publish","hentry","entry"],"yoast_head":"<!-- This site is optimized with the Yoast SEO plugin v26.8 - https:\/\/yoast.com\/product\/yoast-seo-wordpress\/ -->\n<title>The homestead - OFF GRID SWEDEN<\/title>\n<meta name=\"robots\" content=\"index, follow, max-snippet:-1, max-image-preview:large, max-video-preview:-1\" \/>\n<link rel=\"canonical\" href=\"https:\/\/www.offgrid.se\/sv\/the-homestead\/\" \/>\n<meta property=\"og:locale\" content=\"sv_SE\" \/>\n<meta property=\"og:type\" content=\"article\" \/>\n<meta property=\"og:title\" content=\"The homestead - OFF GRID SWEDEN\" \/>\n<meta property=\"og:description\" content=\"Our homestead is from the 1800th. In the 90s the new kitchen and bedroom was added. We do not live full time on our homestead byt we are trying to be there as much as we can. The property is about 6 ha. We have access to water right on or property. There are a [&hellip;]\" \/>\n<meta property=\"og:url\" content=\"https:\/\/www.offgrid.se\/sv\/the-homestead\/\" \/>\n<meta property=\"og:site_name\" content=\"OFF GRID SWEDEN\" \/>\n<meta property=\"article:publisher\" content=\"https:\/\/www.facebook.com\/offgrid.se\/\" \/>\n<meta property=\"article:modified_time\" content=\"2023-12-29T08:43:15+00:00\" \/>\n<meta name=\"twitter:card\" content=\"summary_large_image\" \/>\n<meta name=\"twitter:site\" content=\"@Offgrid_se\" \/>\n<script type=\"application\/ld+json\" class=\"yoast-schema-graph\">{\"@context\":\"https:\/\/schema.org\",\"@graph\":[{\"@type\":\"WebPage\",\"@id\":\"https:\/\/www.offgrid.se\/the-homestead\/\",\"url\":\"https:\/\/www.offgrid.se\/the-homestead\/\",\"name\":\"The homestead - OFF GRID SWEDEN\",\"isPartOf\":{\"@id\":\"https:\/\/www.offgrid.se\/#website\"},\"datePublished\":\"2016-07-29T10:57:07+00:00\",\"dateModified\":\"2023-12-29T08:43:15+00:00\",\"breadcrumb\":{\"@id\":\"https:\/\/www.offgrid.se\/the-homestead\/#breadcrumb\"},\"inLanguage\":\"sv-SE\",\"potentialAction\":[{\"@type\":\"ReadAction\",\"target\":[\"https:\/\/www.offgrid.se\/the-homestead\/\"]}]},{\"@type\":\"BreadcrumbList\",\"@id\":\"https:\/\/www.offgrid.se\/the-homestead\/#breadcrumb\",\"itemListElement\":[{\"@type\":\"ListItem\",\"position\":1,\"name\":\"Home\",\"item\":\"https:\/\/www.offgrid.se\/\"},{\"@type\":\"ListItem\",\"position\":2,\"name\":\"The homestead\"}]},{\"@type\":\"WebSite\",\"@id\":\"https:\/\/www.offgrid.se\/#website\",\"url\":\"https:\/\/www.offgrid.se\/\",\"name\":\"OFF GRID SWEDEN\",\"description\":\"A more sustainable way of life\",\"publisher\":{\"@id\":\"https:\/\/www.offgrid.se\/#organization\"},\"potentialAction\":[{\"@type\":\"SearchAction\",\"target\":{\"@type\":\"EntryPoint\",\"urlTemplate\":\"https:\/\/www.offgrid.se\/?s={search_term_string}\"},\"query-input\":{\"@type\":\"PropertyValueSpecification\",\"valueRequired\":true,\"valueName\":\"search_term_string\"}}],\"inLanguage\":\"sv-SE\"},{\"@type\":\"Organization\",\"@id\":\"https:\/\/www.offgrid.se\/#organization\",\"name\":\"Off Grid Sweden\",\"url\":\"https:\/\/www.offgrid.se\/\",\"logo\":{\"@type\":\"ImageObject\",\"inLanguage\":\"sv-SE\",\"@id\":\"https:\/\/www.offgrid.se\/#\/schema\/logo\/image\/\",\"url\":\"https:\/\/www.offgrid.se\/wp-content\/uploads\/2017\/06\/sverige_rund_offgrid.png\",\"contentUrl\":\"https:\/\/www.offgrid.se\/wp-content\/uploads\/2017\/06\/sverige_rund_offgrid.png\",\"width\":467,\"height\":350,\"caption\":\"Off Grid Sweden\"},\"image\":{\"@id\":\"https:\/\/www.offgrid.se\/#\/schema\/logo\/image\/\"},\"sameAs\":[\"https:\/\/www.facebook.com\/offgrid.se\/\",\"https:\/\/x.com\/Offgrid_se\",\"http:\/\/instagram.com\/offgrid.se\",\"http:\/\/youtube.com\/offgridsweden\"]}]}<\/script>\n<!-- \/ Yoast SEO plugin. -->","yoast_head_json":{"title":"The homestead - OFF GRID SWEDEN","robots":{"index":"index","follow":"follow","max-snippet":"max-snippet:-1","max-image-preview":"max-image-preview:large","max-video-preview":"max-video-preview:-1"},"canonical":"https:\/\/www.offgrid.se\/sv\/the-homestead\/","og_locale":"sv_SE","og_type":"article","og_title":"The homestead - OFF GRID SWEDEN","og_description":"Our homestead is from the 1800th. In the 90s the new kitchen and bedroom was added. We do not live full time on our homestead byt we are trying to be there as much as we can. The property is about 6 ha. We have access to water right on or property. There are a [&hellip;]","og_url":"https:\/\/www.offgrid.se\/sv\/the-homestead\/","og_site_name":"OFF GRID SWEDEN","article_publisher":"https:\/\/www.facebook.com\/offgrid.se\/","article_modified_time":"2023-12-29T08:43:15+00:00","twitter_card":"summary_large_image","twitter_site":"@Offgrid_se","schema":{"@context":"https:\/\/schema.org","@graph":[{"@type":"WebPage","@id":"https:\/\/www.offgrid.se\/the-homestead\/","url":"https:\/\/www.offgrid.se\/the-homestead\/","name":"The homestead - OFF GRID SWEDEN","isPartOf":{"@id":"https:\/\/www.offgrid.se\/#website"},"datePublished":"2016-07-29T10:57:07+00:00","dateModified":"2023-12-29T08:43:15+00:00","breadcrumb":{"@id":"https:\/\/www.offgrid.se\/the-homestead\/#breadcrumb"},"inLanguage":"sv-SE","potentialAction":[{"@type":"ReadAction","target":["https:\/\/www.offgrid.se\/the-homestead\/"]}]},{"@type":"BreadcrumbList","@id":"https:\/\/www.offgrid.se\/the-homestead\/#breadcrumb","itemListElement":[{"@type":"ListItem","position":1,"name":"Home","item":"https:\/\/www.offgrid.se\/"},{"@type":"ListItem","position":2,"name":"The homestead"}]},{"@type":"WebSite","@id":"https:\/\/www.offgrid.se\/#website","url":"https:\/\/www.offgrid.se\/","name":"OFF GRID SWEDEN","description":"A more sustainable way of life","publisher":{"@id":"https:\/\/www.offgrid.se\/#organization"},"potentialAction":[{"@type":"SearchAction","target":{"@type":"EntryPoint","urlTemplate":"https:\/\/www.offgrid.se\/?s={search_term_string}"},"query-input":{"@type":"PropertyValueSpecification","valueRequired":true,"valueName":"search_term_string"}}],"inLanguage":"sv-SE"},{"@type":"Organization","@id":"https:\/\/www.offgrid.se\/#organization","name":"Off Grid Sweden","url":"https:\/\/www.offgrid.se\/","logo":{"@type":"ImageObject","inLanguage":"sv-SE","@id":"https:\/\/www.offgrid.se\/#\/schema\/logo\/image\/","url":"https:\/\/www.offgrid.se\/wp-content\/uploads\/2017\/06\/sverige_rund_offgrid.png","contentUrl":"https:\/\/www.offgrid.se\/wp-content\/uploads\/2017\/06\/sverige_rund_offgrid.png","width":467,"height":350,"caption":"Off Grid Sweden"},"image":{"@id":"https:\/\/www.offgrid.se\/#\/schema\/logo\/image\/"},"sameAs":["https:\/\/www.facebook.com\/offgrid.se\/","https:\/\/x.com\/Offgrid_se","http:\/\/instagram.com\/offgrid.se","http:\/\/youtube.com\/offgridsweden"]}]}},"_links":{"self":[{"href":"https:\/\/www.offgrid.se\/sv\/wp-json\/wp\/v2\/pages\/476","targetHints":{"allow":["GET"]}}],"collection":[{"href":"https:\/\/www.offgrid.se\/sv\/wp-json\/wp\/v2\/pages"}],"about":[{"href":"https:\/\/www.offgrid.se\/sv\/wp-json\/wp\/v2\/types\/page"}],"author":[{"embeddable":true,"href":"https:\/\/www.offgrid.se\/sv\/wp-json\/wp\/v2\/users\/1"}],"replies":[{"embeddable":true,"href":"https:\/\/www.offgrid.se\/sv\/wp-json\/wp\/v2\/comments?post=476"}],"version-history":[{"count":7,"href":"https:\/\/www.offgrid.se\/sv\/wp-json\/wp\/v2\/pages\/476\/revisions"}],"predecessor-version":[{"id":1530,"href":"https:\/\/www.offgrid.se\/sv\/wp-json\/wp\/v2\/pages\/476\/revisions\/1530"}],"wp:attachment":[{"href":"https:\/\/www.offgrid.se\/sv\/wp-json\/wp\/v2\/media?parent=476"}],"curies":[{"name":"wp","href":"https:\/\/api.w.org\/{rel}","templated":true}]}}