{"id":484,"date":"2016-07-29T12:55:12","date_gmt":"2016-07-29T11:55:12","guid":{"rendered":"http:\/\/www.offgrid.se\/?page_id=484"},"modified":"2023-12-29T09:43:16","modified_gmt":"2023-12-29T08:43:16","slug":"water","status":"publish","type":"page","link":"https:\/\/www.offgrid.se\/sv\/water\/","title":{"rendered":"VVS"},"content":{"rendered":"<div data-elementor-type=\"wp-post\" data-elementor-id=\"484\" class=\"elementor elementor-484 elementor-bc-flex-widget\" data-elementor-post-type=\"page\">\n\t\t\t\t\t\t<section class=\"elementor-section elementor-top-section elementor-element elementor-element-6280df6c elementor-section-height-min-height elementor-section-boxed elementor-section-height-default elementor-section-items-middle\" data-id=\"6280df6c\" data-element_type=\"section\" data-settings=\"{&quot;background_background&quot;:&quot;classic&quot;}\">\n\t\t\t\t\t\t\t<div class=\"elementor-background-overlay\"><\/div>\n\t\t\t\t\t\t\t<div class=\"elementor-container elementor-column-gap-default\">\n\t\t\t\t\t<div class=\"elementor-column elementor-col-50 elementor-top-column elementor-element elementor-element-2b8ac64b\" data-id=\"2b8ac64b\" data-element_type=\"column\">\n\t\t\t<div class=\"elementor-widget-wrap elementor-element-populated\">\n\t\t\t\t\t\t<div class=\"elementor-element elementor-element-204eec3e elementor-widget elementor-widget-heading\" data-id=\"204eec3e\" data-element_type=\"widget\" data-widget_type=\"heading.default\">\n\t\t\t\t<div class=\"elementor-widget-container\">\n\t\t\t\t\t<h2 class=\"elementor-heading-title elementor-size-large\">Vatten &amp; Avlopp<\/h2>\t\t\t\t<\/div>\n\t\t\t\t<\/div>\n\t\t\t\t<div class=\"elementor-element elementor-element-b99c7f0 elementor-widget elementor-widget-text-editor\" data-id=\"b99c7f0\" data-element_type=\"widget\" data-widget_type=\"text-editor.default\">\n\t\t\t\t<div class=\"elementor-widget-container\">\n\t\t\t\t\t\t\t\t\t<p>Vattnet p\u00e5 v\u00e5rt hemman kommer fr\u00e5n en brunn p\u00e5 den nedre delen av fastigheten. Vi har klart och fint vatten.<\/p><p><span style=\"font-size: 14px;\">I v\u00e5r k\u00e4llare har vi en elektrisk pump som pumpar upp vattnet fr\u00e5n brunnen och vidare till huset.<\/span><\/p><p><span style=\"font-size: 14px;\">V\u00e5rt avloppssystem \u00e4r ett trekammarsystem \u2013 vi har ingen traditionell septiktank. B\u00e5de svart- och gr\u00e5vatten passerar genom de tre kamrarna, d\u00e4r partiklar samlas i den f\u00f6rsta kammaren. Kommunen kommer en g\u00e5ng per \u00e5r f\u00f6r att t\u00f6mma denna kammare.<\/span><\/p><p><span style=\"font-size: 14px;\">Vi har ocks\u00e5 en naturlig vattenk\u00e4lla p\u00e5 v\u00e5r fastighet d\u00e4r vattnet rinner direkt ur marken. Ett kommande projekt \u00e4r att anv\u00e4nda detta vatten f\u00f6r att bevattna v\u00e5r tr\u00e4dg\u00e5rd.<\/span><\/p><p><span style=\"font-size: 14px;\">Vi har \u00e4ven en b\u00e4ck p\u00e5 v\u00e5r fastighet, vilket g\u00f6r att vi alltid har god tillg\u00e5ng till vatten.<\/span><\/p>\t\t\t\t\t\t\t\t<\/div>\n\t\t\t\t<\/div>\n\t\t\t\t<div class=\"elementor-element elementor-element-5fc2d153 elementor-mobile-align-center elementor-widget elementor-widget-button\" data-id=\"5fc2d153\" data-element_type=\"widget\" data-widget_type=\"button.default\">\n\t\t\t\t<div class=\"elementor-widget-container\">\n\t\t\t\t\t\t\t\t\t<div class=\"elementor-button-wrapper\">\n\t\t\t\t\t<a class=\"elementor-button elementor-button-link elementor-size-lg\" href=\"https:\/\/www.youtube.com\/playlist?list=PLXoUayD20Sx5gOiU8bj2pwI8Wjup0C_Wg&#038;autoplay=1\" target=\"_blank\">\n\t\t\t\t\t\t<span class=\"elementor-button-content-wrapper\">\n\t\t\t\t\t\t<span class=\"elementor-button-icon\">\n\t\t\t\t\t\t\t\t\t<i class=\"fa fa-youtube\" aria-hidden=\"true\"><\/i>\n\t\t\t\t\t\t\t<\/span>\n\t\t\t\t\t\t\t\t\t<span class=\"elementor-button-text\">Se mer p\u00e5 YouTube!<\/span>\n\t\t\t\t\t<\/span>\n\t\t\t\t\t<\/a>\n\t\t\t\t<\/div>\n\t\t\t\t\t\t\t\t<\/div>\n\t\t\t\t<\/div>\n\t\t\t\t\t<\/div>\n\t\t<\/div>\n\t\t\t\t<div class=\"elementor-column elementor-col-50 elementor-top-column elementor-element elementor-element-206b2980\" data-id=\"206b2980\" data-element_type=\"column\">\n\t\t\t<div class=\"elementor-widget-wrap elementor-element-populated\">\n\t\t\t\t\t\t<div class=\"elementor-element elementor-element-516818fd elementor-widget elementor-widget-video\" data-id=\"516818fd\" data-element_type=\"widget\" data-settings=\"{&quot;youtube_url&quot;:&quot;https:\\\/\\\/youtu.be\\\/ynCll7WvEa4&quot;,&quot;autoplay&quot;:&quot;yes&quot;,&quot;video_type&quot;:&quot;youtube&quot;,&quot;controls&quot;:&quot;yes&quot;}\" data-widget_type=\"video.default\">\n\t\t\t\t<div class=\"elementor-widget-container\">\n\t\t\t\t\t\t\t<div class=\"elementor-wrapper elementor-open-inline\">\n\t\t\t<div class=\"elementor-video\"><\/div>\t\t<\/div>\n\t\t\t\t\t\t<\/div>\n\t\t\t\t<\/div>\n\t\t\t\t\t<\/div>\n\t\t<\/div>\n\t\t\t\t\t<\/div>\n\t\t<\/section>\n\t\t\t\t<\/div>","protected":false},"excerpt":{"rendered":"<p>Water &amp; Septic The water on our homestead comes from a well on the lower part of the property. We have nice clear water. In our basement we got an electric pupm that pupms the water out of the well and up to the house. Our septic system is a 3 chamber system. We dont [&hellip;]<\/p>","protected":false},"author":1,"featured_media":0,"parent":0,"menu_order":0,"comment_status":"closed","ping_status":"closed","template":"","meta":{"ocean_post_layout":"full-width","ocean_both_sidebars_style":"","ocean_both_sidebars_content_width":0,"ocean_both_sidebars_sidebars_width":0,"ocean_sidebar":"0","ocean_second_sidebar":"0","ocean_disable_margins":"enable","ocean_add_body_class":"","ocean_shortcode_before_top_bar":"","ocean_shortcode_after_top_bar":"","ocean_shortcode_before_header":"","ocean_shortcode_after_header":"","ocean_has_shortcode":"","ocean_shortcode_after_title":"","ocean_shortcode_before_footer_widgets":"","ocean_shortcode_after_footer_widgets":"","ocean_shortcode_before_footer_bottom":"","ocean_shortcode_after_footer_bottom":"","ocean_display_top_bar":"default","ocean_display_header":"default","ocean_header_style":"","ocean_center_header_left_menu":"0","ocean_custom_header_template":"0","ocean_custom_logo":0,"ocean_custom_retina_logo":0,"ocean_custom_logo_max_width":0,"ocean_custom_logo_tablet_max_width":0,"ocean_custom_logo_mobile_max_width":0,"ocean_custom_logo_max_height":0,"ocean_custom_logo_tablet_max_height":0,"ocean_custom_logo_mobile_max_height":0,"ocean_header_custom_menu":"0","ocean_menu_typo_font_family":"0","ocean_menu_typo_font_subset":"","ocean_menu_typo_font_size":0,"ocean_menu_typo_font_size_tablet":0,"ocean_menu_typo_font_size_mobile":0,"ocean_menu_typo_font_size_unit":"px","ocean_menu_typo_font_weight":"","ocean_menu_typo_font_weight_tablet":"","ocean_menu_typo_font_weight_mobile":"","ocean_menu_typo_transform":"","ocean_menu_typo_transform_tablet":"","ocean_menu_typo_transform_mobile":"","ocean_menu_typo_line_height":0,"ocean_menu_typo_line_height_tablet":0,"ocean_menu_typo_line_height_mobile":0,"ocean_menu_typo_line_height_unit":"","ocean_menu_typo_spacing":0,"ocean_menu_typo_spacing_tablet":0,"ocean_menu_typo_spacing_mobile":0,"ocean_menu_typo_spacing_unit":"","ocean_menu_link_color":"","ocean_menu_link_color_hover":"","ocean_menu_link_color_active":"","ocean_menu_link_background":"","ocean_menu_link_hover_background":"","ocean_menu_link_active_background":"","ocean_menu_social_links_bg":"","ocean_menu_social_hover_links_bg":"","ocean_menu_social_links_color":"","ocean_menu_social_hover_links_color":"","ocean_disable_title":"on","ocean_disable_heading":"default","ocean_post_title":"","ocean_post_subheading":"","ocean_post_title_style":"","ocean_post_title_background_color":"","ocean_post_title_background":0,"ocean_post_title_bg_image_position":"","ocean_post_title_bg_image_attachment":"","ocean_post_title_bg_image_repeat":"","ocean_post_title_bg_image_size":"","ocean_post_title_height":0,"ocean_post_title_bg_overlay":0.5,"ocean_post_title_bg_overlay_color":"","ocean_disable_breadcrumbs":"default","ocean_breadcrumbs_color":"","ocean_breadcrumbs_separator_color":"","ocean_breadcrumbs_links_color":"","ocean_breadcrumbs_links_hover_color":"","ocean_display_footer_widgets":"default","ocean_display_footer_bottom":"default","ocean_custom_footer_template":"0","footnotes":""},"class_list":["post-484","page","type-page","status-publish","hentry","entry"],"yoast_head":"<!-- This site is optimized with the Yoast SEO plugin v26.8 - https:\/\/yoast.com\/product\/yoast-seo-wordpress\/ -->\n<title>Water and septic - OFF GRID SWEDEN<\/title>\n<meta name=\"robots\" content=\"index, follow, max-snippet:-1, max-image-preview:large, max-video-preview:-1\" \/>\n<link rel=\"canonical\" href=\"https:\/\/www.offgrid.se\/sv\/water\/\" \/>\n<meta property=\"og:locale\" content=\"sv_SE\" \/>\n<meta property=\"og:type\" content=\"article\" \/>\n<meta property=\"og:title\" content=\"Water and septic - OFF GRID SWEDEN\" \/>\n<meta property=\"og:description\" content=\"Water &amp; Septic The water on our homestead comes from a well on the lower part of the property. We have nice clear water. In our basement we got an electric pupm that pupms the water out of the well and up to the house. Our septic system is a 3 chamber system. We dont [&hellip;]\" \/>\n<meta property=\"og:url\" content=\"https:\/\/www.offgrid.se\/sv\/water\/\" \/>\n<meta property=\"og:site_name\" content=\"OFF GRID SWEDEN\" \/>\n<meta property=\"article:publisher\" content=\"https:\/\/www.facebook.com\/offgrid.se\/\" \/>\n<meta property=\"article:modified_time\" content=\"2023-12-29T08:43:16+00:00\" \/>\n<meta name=\"twitter:card\" content=\"summary_large_image\" \/>\n<meta name=\"twitter:site\" content=\"@Offgrid_se\" \/>\n<meta name=\"twitter:label1\" content=\"Ber\u00e4knad l\u00e4stid\" \/>\n\t<meta name=\"twitter:data1\" content=\"1 minut\" \/>\n<script type=\"application\/ld+json\" class=\"yoast-schema-graph\">{\"@context\":\"https:\/\/schema.org\",\"@graph\":[{\"@type\":\"WebPage\",\"@id\":\"https:\/\/www.offgrid.se\/water\/\",\"url\":\"https:\/\/www.offgrid.se\/water\/\",\"name\":\"Water and septic - OFF GRID SWEDEN\",\"isPartOf\":{\"@id\":\"https:\/\/www.offgrid.se\/#website\"},\"datePublished\":\"2016-07-29T11:55:12+00:00\",\"dateModified\":\"2023-12-29T08:43:16+00:00\",\"breadcrumb\":{\"@id\":\"https:\/\/www.offgrid.se\/water\/#breadcrumb\"},\"inLanguage\":\"sv-SE\",\"potentialAction\":[{\"@type\":\"ReadAction\",\"target\":[\"https:\/\/www.offgrid.se\/water\/\"]}]},{\"@type\":\"BreadcrumbList\",\"@id\":\"https:\/\/www.offgrid.se\/water\/#breadcrumb\",\"itemListElement\":[{\"@type\":\"ListItem\",\"position\":1,\"name\":\"Home\",\"item\":\"https:\/\/www.offgrid.se\/\"},{\"@type\":\"ListItem\",\"position\":2,\"name\":\"Water and septic\"}]},{\"@type\":\"WebSite\",\"@id\":\"https:\/\/www.offgrid.se\/#website\",\"url\":\"https:\/\/www.offgrid.se\/\",\"name\":\"OFF GRID SWEDEN\",\"description\":\"A more sustainable way of life\",\"publisher\":{\"@id\":\"https:\/\/www.offgrid.se\/#organization\"},\"potentialAction\":[{\"@type\":\"SearchAction\",\"target\":{\"@type\":\"EntryPoint\",\"urlTemplate\":\"https:\/\/www.offgrid.se\/?s={search_term_string}\"},\"query-input\":{\"@type\":\"PropertyValueSpecification\",\"valueRequired\":true,\"valueName\":\"search_term_string\"}}],\"inLanguage\":\"sv-SE\"},{\"@type\":\"Organization\",\"@id\":\"https:\/\/www.offgrid.se\/#organization\",\"name\":\"Off Grid Sweden\",\"url\":\"https:\/\/www.offgrid.se\/\",\"logo\":{\"@type\":\"ImageObject\",\"inLanguage\":\"sv-SE\",\"@id\":\"https:\/\/www.offgrid.se\/#\/schema\/logo\/image\/\",\"url\":\"https:\/\/www.offgrid.se\/wp-content\/uploads\/2017\/06\/sverige_rund_offgrid.png\",\"contentUrl\":\"https:\/\/www.offgrid.se\/wp-content\/uploads\/2017\/06\/sverige_rund_offgrid.png\",\"width\":467,\"height\":350,\"caption\":\"Off Grid Sweden\"},\"image\":{\"@id\":\"https:\/\/www.offgrid.se\/#\/schema\/logo\/image\/\"},\"sameAs\":[\"https:\/\/www.facebook.com\/offgrid.se\/\",\"https:\/\/x.com\/Offgrid_se\",\"http:\/\/instagram.com\/offgrid.se\",\"http:\/\/youtube.com\/offgridsweden\"]}]}<\/script>\n<!-- \/ Yoast SEO plugin. -->","yoast_head_json":{"title":"Water and septic - OFF GRID SWEDEN","robots":{"index":"index","follow":"follow","max-snippet":"max-snippet:-1","max-image-preview":"max-image-preview:large","max-video-preview":"max-video-preview:-1"},"canonical":"https:\/\/www.offgrid.se\/sv\/water\/","og_locale":"sv_SE","og_type":"article","og_title":"Water and septic - OFF GRID SWEDEN","og_description":"Water &amp; Septic The water on our homestead comes from a well on the lower part of the property. We have nice clear water. In our basement we got an electric pupm that pupms the water out of the well and up to the house. Our septic system is a 3 chamber system. We dont [&hellip;]","og_url":"https:\/\/www.offgrid.se\/sv\/water\/","og_site_name":"OFF GRID SWEDEN","article_publisher":"https:\/\/www.facebook.com\/offgrid.se\/","article_modified_time":"2023-12-29T08:43:16+00:00","twitter_card":"summary_large_image","twitter_site":"@Offgrid_se","twitter_misc":{"Ber\u00e4knad l\u00e4stid":"1 minut"},"schema":{"@context":"https:\/\/schema.org","@graph":[{"@type":"WebPage","@id":"https:\/\/www.offgrid.se\/water\/","url":"https:\/\/www.offgrid.se\/water\/","name":"Water and septic - OFF GRID SWEDEN","isPartOf":{"@id":"https:\/\/www.offgrid.se\/#website"},"datePublished":"2016-07-29T11:55:12+00:00","dateModified":"2023-12-29T08:43:16+00:00","breadcrumb":{"@id":"https:\/\/www.offgrid.se\/water\/#breadcrumb"},"inLanguage":"sv-SE","potentialAction":[{"@type":"ReadAction","target":["https:\/\/www.offgrid.se\/water\/"]}]},{"@type":"BreadcrumbList","@id":"https:\/\/www.offgrid.se\/water\/#breadcrumb","itemListElement":[{"@type":"ListItem","position":1,"name":"Home","item":"https:\/\/www.offgrid.se\/"},{"@type":"ListItem","position":2,"name":"Water and septic"}]},{"@type":"WebSite","@id":"https:\/\/www.offgrid.se\/#website","url":"https:\/\/www.offgrid.se\/","name":"OFF GRID SWEDEN","description":"A more sustainable way of life","publisher":{"@id":"https:\/\/www.offgrid.se\/#organization"},"potentialAction":[{"@type":"SearchAction","target":{"@type":"EntryPoint","urlTemplate":"https:\/\/www.offgrid.se\/?s={search_term_string}"},"query-input":{"@type":"PropertyValueSpecification","valueRequired":true,"valueName":"search_term_string"}}],"inLanguage":"sv-SE"},{"@type":"Organization","@id":"https:\/\/www.offgrid.se\/#organization","name":"Off Grid Sweden","url":"https:\/\/www.offgrid.se\/","logo":{"@type":"ImageObject","inLanguage":"sv-SE","@id":"https:\/\/www.offgrid.se\/#\/schema\/logo\/image\/","url":"https:\/\/www.offgrid.se\/wp-content\/uploads\/2017\/06\/sverige_rund_offgrid.png","contentUrl":"https:\/\/www.offgrid.se\/wp-content\/uploads\/2017\/06\/sverige_rund_offgrid.png","width":467,"height":350,"caption":"Off Grid Sweden"},"image":{"@id":"https:\/\/www.offgrid.se\/#\/schema\/logo\/image\/"},"sameAs":["https:\/\/www.facebook.com\/offgrid.se\/","https:\/\/x.com\/Offgrid_se","http:\/\/instagram.com\/offgrid.se","http:\/\/youtube.com\/offgridsweden"]}]}},"_links":{"self":[{"href":"https:\/\/www.offgrid.se\/sv\/wp-json\/wp\/v2\/pages\/484","targetHints":{"allow":["GET"]}}],"collection":[{"href":"https:\/\/www.offgrid.se\/sv\/wp-json\/wp\/v2\/pages"}],"about":[{"href":"https:\/\/www.offgrid.se\/sv\/wp-json\/wp\/v2\/types\/page"}],"author":[{"embeddable":true,"href":"https:\/\/www.offgrid.se\/sv\/wp-json\/wp\/v2\/users\/1"}],"replies":[{"embeddable":true,"href":"https:\/\/www.offgrid.se\/sv\/wp-json\/wp\/v2\/comments?post=484"}],"version-history":[{"count":10,"href":"https:\/\/www.offgrid.se\/sv\/wp-json\/wp\/v2\/pages\/484\/revisions"}],"predecessor-version":[{"id":1753,"href":"https:\/\/www.offgrid.se\/sv\/wp-json\/wp\/v2\/pages\/484\/revisions\/1753"}],"wp:attachment":[{"href":"https:\/\/www.offgrid.se\/sv\/wp-json\/wp\/v2\/media?parent=484"}],"curies":[{"name":"wp","href":"https:\/\/api.w.org\/{rel}","templated":true}]}}